{"id":8763,"date":"2021-04-18T17:46:17","date_gmt":"2021-04-18T15:46:17","guid":{"rendered":"https:\/\/madelinefashion.pl\/?post_type=product&#038;p=8763"},"modified":"2025-09-09T10:36:15","modified_gmt":"2025-09-09T08:36:15","slug":"sukienka-asymetryczna-bocca-bezowa","status":"publish","type":"product","link":"https:\/\/madelinefashion.pl\/sk\/sukienka-asymetryczna-bocca-bezowa\/","title":{"rendered":"B\u00e9\u017eov\u00e9 asymetrick\u00e9 \u0161aty Bocca"},"content":{"rendered":"<h3 style=\"text-align: center;\">B\u00e9\u017eov\u00e9 asymetrick\u00e9 \u0161aty Bocca<\/h3>\n<p>\u0160aty <strong>Asymetrick\u00e1 b\u00e9\u017eov\u00e1 Bocca<\/strong> je senza\u010dn\u00fd model pleten\u00fdch \u0161iat s dlh\u0161ou stranou. Vyroben\u00e9 z elastick\u00e9ho pr\u00edjemn\u00e9ho materi\u00e1lu, ktor\u00fd je ako stvoren\u00fd na teplej\u0161ie dni. Je to skvel\u00e1 ponuka ako pre \u0161portov\u00fd styling s teniskami, tak aj pre elegantn\u00e9 s vysok\u00fdmi op\u00e4tkami. <span style=\"font-size: 10pt; text-align: center;\">\u0160aty maj\u00fa<\/span><strong style=\"font-size: 10pt; text-align: center;\"> guma v p\u00e1se<\/strong><span style=\"font-size: 10pt; text-align: center;\"> v\u010faka ktor\u00e9mu zv\u00fdrazn\u00edte \u017eensk\u00e9 tvary. Odpor\u00fa\u010da sa pre \u017eeny vo ve\u013ekosti <strong>XS SML\u00a0<\/strong><\/span><\/p>\n<p>&nbsp;<\/p>\n<h3 style=\"text-align: center;\">Rozmery:<\/h3>\n<ul style=\"text-align: center;\">\n<li><span style=\"font-size: 10pt;\">\u00a0\u00a0\u00a0\u00a0\u00a0\u00a0\u00a0 celkov\u00e1 predn\u00e1 d\u013a\u017eka: 82 cm<br \/>\n<\/span><\/li>\n<li>celkov\u00e1 d\u013a\u017eka strany: 100 cm<\/li>\n<li><span style=\"font-size: 10pt;\">\u00a0\u00a0\u00a0\u00a0\u00a0\u00a0\u00a0 \u0161\u00edrka od pazuchy po pazuchu: 43 cm - 52 cm<\/span><span style=\"font-size: 10pt;\"><span style=\"font-size: 10pt;\">\u00a0 \u00a0 \u00a0 \u00a0<\/span><\/span><\/li>\n<li>\u0161\u00edrka p\u00e1sa: 24 cm - 46 cm<\/li>\n<\/ul>\n<p style=\"text-align: center;\"><span style=\"font-size: 10pt;\">Rozmery sa m\u00f4\u017eu mierne l\u00ed\u0161i\u0165 od uveden\u00fdch +\/- 2cm. V\u0161etky uveden\u00e9 rozmery s\u00fa meran\u00e9 plo\u0161ne.<\/span><\/p>\n<p style=\"text-align: center;\"><span style=\"font-size: 10pt;\">\u00a0<\/span><\/p>\n<table width=\"627\">\n<tbody>\n<tr>\n<td width=\"302\">Meno modela<\/td>\n<td width=\"302\">Asymetrick\u00e9 \u0161aty Bocca<\/td>\n<\/tr>\n<tr>\n<td width=\"302\">Farba<\/td>\n<td width=\"302\">B\u00e9\u017eov\u00e1<\/td>\n<\/tr>\n<tr>\n<td width=\"302\">M\u00f3da<\/td>\n<td width=\"302\">nadrozmern\u00e9<\/td>\n<\/tr>\n<tr>\n<td width=\"302\">Materi\u00e1l<\/td>\n<td width=\"302\">95% visk\u00f3za 5% elastan<\/td>\n<\/tr>\n<tr>\n<td width=\"302\">D\u013a\u017eka<\/td>\n<td width=\"302\">Pred kolenom<\/td>\n<\/tr>\n<\/tbody>\n<\/table>\n<p>&nbsp;<\/p>\n<div class=\"tabs tabs-bb clear mb-80\">\n<div class=\"tab-content\">\n<div id=\"tab-description\" class=\"tab-pane fade in woocommerce-Tabs-panel--description active\">\n<p style=\"text-align: center;\">\u00a0Modelka je vysok\u00e1 165 cm a zvy\u010dajne nos\u00ed ve\u013ekos\u0165 hore <strong>S<\/strong><span style=\"font-size: 10pt;\">\u00a0<\/span><\/p>\n<\/div>\n<\/div>\n<\/div>","protected":false},"excerpt":{"rendered":"<p>Sukienka Asymetryczna Bocca Be\u017cowa Sukienka Asymetryczna Bocca Be\u017cowa to rewelacyjny model dzianinowej sukienki z d\u0142u\u017cszym bokiem. Wykonana z elastycznego, przyjemnego materia\u0142u, kt\u00f3ry idealnie sprawdzi si\u0119 w cieplejsze dni. Jest to doskona\u0142a propozycja zar\u00f3wno do sportowej stylizacji z trampkami jak r\u00f3wnie\u017c do eleganckiej z szpilkami. Sukienka posiada gumk\u0119 w tali dzi\u0119ki czemu podkre\u015blisz kobiece kszta\u0142ty. Zalecana<\/p>\n<div class=\"klb-readmore post-buttons\"><a class=\"button black outline size-sm\" href=\"https:\/\/madelinefashion.pl\/sk\/sukienka-asymetryczna-bocca-bezowa\/\">\u010c\u00edta\u0165 \u010falej <i class=\"klbth-icon-right-arrow\"><\/i><\/a><\/div>","protected":false},"featured_media":8759,"template":"","meta":[],"product_brand":[],"product_cat":[125],"product_tag":[],"class_list":{"0":"post-8763","1":"product","2":"type-product","3":"status-publish","4":"has-post-thumbnail","6":"product_cat-sukienki","8":"first","9":"instock","10":"purchasable","11":"product-type-simple"},"_links":{"self":[{"href":"https:\/\/madelinefashion.pl\/sk\/wp-json\/wp\/v2\/product\/8763","targetHints":{"allow":["GET"]}}],"collection":[{"href":"https:\/\/madelinefashion.pl\/sk\/wp-json\/wp\/v2\/product"}],"about":[{"href":"https:\/\/madelinefashion.pl\/sk\/wp-json\/wp\/v2\/types\/product"}],"wp:featuredmedia":[{"embeddable":true,"href":"https:\/\/madelinefashion.pl\/sk\/wp-json\/wp\/v2\/media\/8759"}],"wp:attachment":[{"href":"https:\/\/madelinefashion.pl\/sk\/wp-json\/wp\/v2\/media?parent=8763"}],"wp:term":[{"taxonomy":"product_brand","embeddable":true,"href":"https:\/\/madelinefashion.pl\/sk\/wp-json\/wp\/v2\/product_brand?post=8763"},{"taxonomy":"product_cat","embeddable":true,"href":"https:\/\/madelinefashion.pl\/sk\/wp-json\/wp\/v2\/product_cat?post=8763"},{"taxonomy":"product_tag","embeddable":true,"href":"https:\/\/madelinefashion.pl\/sk\/wp-json\/wp\/v2\/product_tag?post=8763"}],"curies":[{"name":"pracovn\u00fd list","href":"https:\/\/api.w.org\/{rel}","templated":true}]}}