{"id":88026,"date":"2023-05-08T16:42:20","date_gmt":"2023-05-08T14:42:20","guid":{"rendered":"https:\/\/madelinefashion.pl\/?post_type=product&#038;p=88026"},"modified":"2026-01-20T10:33:25","modified_gmt":"2026-01-20T09:33:25","slug":"top-satynowy-na-ramiaczkach-rose-czarny","status":"publish","type":"product","link":"https:\/\/madelinefashion.pl\/sk\/top-satynowy-na-ramiaczkach-rose-czarny\/","title":{"rendered":"Ru\u017eovo \u010dierne sat\u00e9nov\u00e9 tielko"},"content":{"rendered":"<h3 style=\"text-align: center;\">Ru\u017eovo \u010dierne sat\u00e9nov\u00e9 tielko<\/h3>\n<p style=\"text-align: center;\">jemn\u00e9,<strong> ru\u017eov\u00fd sat\u00e9nov\u00fd top<\/strong>s v\u00fdstrihom je sexi model, ktor\u00fd dod\u00e1 v\u00e1\u0161mu stylingu zmyselnos\u0165. Vzdu\u0161n\u00fd, jemn\u00fd strih, ktor\u00fd sa hod\u00ed k mnoh\u00fdm \u0161t\u00fdlom. Top je ide\u00e1lna ponuka na tepl\u00e9 jarn\u00e9 a letn\u00e9 dni, k na\u0161im modelom bude vyzera\u0165 perfektne <a href=\"https:\/\/madelinefashion.pl\/sk\/spodnie\/\">nohavice<\/a> alebo \u0161ortky. Sat\u00e9nov\u00fd, spl\u00fdvav\u00fd fini\u0161 zaru\u010d\u00ed \u017eensk\u00fd a vydaren\u00fd vzh\u013ead. Aplik\u00e1cia v podobe ru\u017ee up\u00fata pozornos\u0165 a je tot\u00e1lnym hitom tejto sez\u00f3ny. Nastavite\u013en\u00e9 popruhy zais\u0165uj\u00fa maxim\u00e1lne pohodlie pri nosen\u00ed. Top s ru\u017eou je prvkom, ktor\u00fd dotvor\u00ed ka\u017ed\u00fa va\u0161u \u0161tyliz\u00e1ciu! Dokonale zd\u00f4razn\u00ed va\u0161e ramen\u00e1. M\u00f4\u017eete ho nosi\u0165 k elegantn\u00fdm aj n\u00e1ro\u010dnej\u0161\u00edm \u0161tyliz\u00e1ci\u00e1m. Materi\u00e1l je pr\u00edjemn\u00fd, v\u010faka \u010domu sa v \u0148om budete c\u00edti\u0165 mimoriadne \u017eensky.<strong> Nevyhnutn\u00e1 polo\u017eka vo va\u0161om \u0161atn\u00edku!\u00a0<\/strong>Mus\u00edte to ma\u0165! Odpor\u00fa\u010dan\u00e1 jedna ve\u013ekos\u0165 <strong>XS SML<\/strong><\/p>\n<h3 style=\"text-align: center;\">Vlastnosti produktu:<\/h3>\n<p style=\"text-align: center;\">\u2013 top s ramienkami<br \/>\n- ru\u017ea\u00a0<strong><br \/>\n<\/strong>- \u0161t\u00fdlov\u00e9 a sexy<strong><br \/>\n<\/strong>- \u013eahk\u00fd, vzdu\u0161n\u00fd materi\u00e1l<\/p>\n<p>&nbsp;<\/p>\n<h3 style=\"text-align: center;\">Rozmery:<\/h3>\n<ul>\n<li style=\"text-align: center;\">celkov\u00e1 d\u013a\u017eka: 65 cm<\/li>\n<li style=\"text-align: center;\">\u0161\u00edrka od pazuchy po pazuchu: 42-54 cm<\/li>\n<li style=\"text-align: center;\"><\/li>\n<\/ul>\n<p style=\"text-align: center;\"><span style=\"vertical-align: inherit;\">Rozmery sa m\u00f4\u017eu l\u00ed\u0161i\u0165 od uveden\u00fdch +\/- 2cm. V\u0161etky uveden\u00e9 rozmery s\u00fa meran\u00e9 plo\u0161ne.<\/span><\/p>\n<table>\n<tbody>\n<tr>\n<td width=\"302\">Meno modela<\/td>\n<td width=\"302\">Ru\u017eov\u00e9 sat\u00e9nov\u00e9 tielko<\/td>\n<\/tr>\n<tr>\n<td width=\"302\">Farba<\/td>\n<td width=\"302\">\u010dierna<\/td>\n<\/tr>\n<tr>\n<td width=\"302\">ve\u013ekosti<\/td>\n<td width=\"302\">Univerz\u00e1lny<\/td>\n<\/tr>\n<tr>\n<td width=\"302\">M\u00f3da<\/td>\n<td width=\"302\">nadrozmern\u00e9<\/td>\n<\/tr>\n<tr>\n<td width=\"302\">Materi\u00e1l<\/td>\n<td width=\"302\">100 % Polyester<\/td>\n<\/tr>\n<\/tbody>\n<\/table>\n<p style=\"text-align: center;\"><span style=\"font-size: 10pt;\">\u00a0<\/span><\/p>\n<p style=\"text-align: center;\">Model m\u00e1\u00a0<strong>169<\/strong>\u00a0cm vysok\u00fd, nos\u00ed ve\u013ekos\u0165 ka\u017ed\u00fd de\u0148\u00a0<strong>S<\/strong><\/p>\n<p style=\"text-align: center;\">\u0160\u00edrka cez prsia 92 cm<\/p>\n<p style=\"text-align: center;\">\u0160\u00edrka v p\u00e1se 62 cm<\/p>\n<p style=\"text-align: center;\">\u0160\u00edrka v bokoch 94 cm<\/p>","protected":false},"excerpt":{"rendered":"<p>Top Satynowy Na Rami\u0105czkach Rose Czarny Delikatny, top satynowy z r\u00f3\u017c\u0105, z dekoltem to seksowny model, kt\u00f3ry doda ka\u017cdej Twojej stylizacji zmys\u0142owo\u015bci. Zwiewny, subtelny kr\u00f3j pasuj\u0105cy do wielu stylizacji. Top to idealna propozycja na ciep\u0142e wiosenne i letnie dni, idealnie b\u0119dzie prezentowa\u0107 si\u0119 z naszymi modelami spodni czy szort\u00f3w. Satynowe, lej\u0105ce wyko\u0144czenie zagwarantuje kobiecy i<\/p>\n<div class=\"klb-readmore post-buttons\"><a class=\"button black outline size-sm\" href=\"https:\/\/madelinefashion.pl\/sk\/top-satynowy-na-ramiaczkach-rose-czarny\/\">\u010c\u00edta\u0165 \u010falej <i class=\"klbth-icon-right-arrow\"><\/i><\/a><\/div>","protected":false},"featured_media":87909,"template":"","meta":[],"product_brand":[],"product_cat":[85],"product_tag":[292],"class_list":{"0":"post-88026","1":"product","2":"type-product","3":"status-publish","4":"has-post-thumbnail","6":"product_cat-t-shirty","7":"product_tag-topy","9":"first","10":"instock","11":"sale","12":"purchasable","13":"product-type-simple"},"_links":{"self":[{"href":"https:\/\/madelinefashion.pl\/sk\/wp-json\/wp\/v2\/product\/88026","targetHints":{"allow":["GET"]}}],"collection":[{"href":"https:\/\/madelinefashion.pl\/sk\/wp-json\/wp\/v2\/product"}],"about":[{"href":"https:\/\/madelinefashion.pl\/sk\/wp-json\/wp\/v2\/types\/product"}],"wp:featuredmedia":[{"embeddable":true,"href":"https:\/\/madelinefashion.pl\/sk\/wp-json\/wp\/v2\/media\/87909"}],"wp:attachment":[{"href":"https:\/\/madelinefashion.pl\/sk\/wp-json\/wp\/v2\/media?parent=88026"}],"wp:term":[{"taxonomy":"product_brand","embeddable":true,"href":"https:\/\/madelinefashion.pl\/sk\/wp-json\/wp\/v2\/product_brand?post=88026"},{"taxonomy":"product_cat","embeddable":true,"href":"https:\/\/madelinefashion.pl\/sk\/wp-json\/wp\/v2\/product_cat?post=88026"},{"taxonomy":"product_tag","embeddable":true,"href":"https:\/\/madelinefashion.pl\/sk\/wp-json\/wp\/v2\/product_tag?post=88026"}],"curies":[{"name":"pracovn\u00fd list","href":"https:\/\/api.w.org\/{rel}","templated":true}]}}