{"id":88143,"date":"2023-05-09T13:46:56","date_gmt":"2023-05-09T11:46:56","guid":{"rendered":"https:\/\/madelinefashion.pl\/?post_type=product&#038;p=88143"},"modified":"2026-01-20T10:33:24","modified_gmt":"2026-01-20T09:33:24","slug":"bluzka-asymetryczna-z-napisem-love-bezowa","status":"publish","type":"product","link":"https:\/\/madelinefashion.pl\/sk\/bluzka-asymetryczna-z-napisem-love-bezowa\/","title":{"rendered":"Asymetrick\u00e1 bl\u00fazka s n\u00e1pisom Love Beige"},"content":{"rendered":"<h3 style=\"text-align: center;\">Asymetrick\u00e1 bl\u00fazka s n\u00e1pisom Love Beige<\/h3>\n<p style=\"text-align: center;\"><span style=\"font-size: 10pt;\"><strong>Bl\u00fazka s n\u00e1pisom love<\/strong> s kr\u00e1tkymi ruk\u00e1vmi. Bl\u00fazka je asymetrick\u00e1, ide\u00e1lna na ka\u017edodenn\u00e9 nosenie, do pr\u00e1ce aj na stretnutia s priate\u013emi. Univerz\u00e1lna ve\u013ekos\u0165. Odpor\u00fa\u010da sa pre \u017eeny vo ve\u013ekosti<strong> SML XL<\/strong><\/span><\/p>\n<h3 style=\"text-align: center;\">\u00a0 \u00a0 \u00a0Rozmery:<\/h3>\n<p style=\"text-align: center;\"><span style=\"font-size: 10pt;\">\u00a0<\/span><\/p>\n<ul style=\"text-align: center;\">\n<li><span style=\"font-size: 10pt;\">\u00a0\u00a0\u00a0\u00a0\u00a0\u00a0\u00a0 celkov\u00e1 predn\u00e1 d\u013a\u017eka: 69 cm<br \/>\ncelkov\u00e1 d\u013a\u017eka chrbta: 74 cm<br \/>\n<\/span><\/li>\n<li><span style=\"font-size: 10pt;\">\u00a0\u00a0\u00a0\u00a0\u00a0\u00a0\u00a0 \u0161\u00edrka od pazuchy po pazuchu: 72-79 cm<\/span><\/li>\n<li><span style=\"font-size: 10pt;\">\u00a0\u00a0\u00a0\u00a0\u00a0\u00a0\u00a0 d\u013a\u017eka ruk\u00e1va od ramena: 25 cm<\/span><\/li>\n<\/ul>\n<p style=\"text-align: center;\"><span style=\"font-size: 10pt;\">Rozmery sa m\u00f4\u017eu mierne l\u00ed\u0161i\u0165 od uveden\u00fdch +\/- 2cm. V\u0161etky uveden\u00e9 rozmery s\u00fa meran\u00e9 plo\u0161ne. rozmer x2<\/span><\/p>\n<p style=\"text-align: center;\"><span style=\"font-size: 10pt;\">\u00a0<\/span><\/p>\n<p style=\"text-align: center;\"><span style=\"font-size: 10pt;\">\u00a0<\/span><\/p>\n<table>\n<tbody>\n<tr>\n<td width=\"302\">Meno modela<\/td>\n<td width=\"302\">Asymetrick\u00e1 bl\u00fazka s n\u00e1pisom Love<\/td>\n<\/tr>\n<tr>\n<td width=\"302\">Farba<\/td>\n<td width=\"302\">B\u00e9\u017eov\u00e1<\/td>\n<\/tr>\n<tr>\n<td width=\"302\">ve\u013ekosti<\/td>\n<td width=\"302\">Univerz\u00e1lny<\/td>\n<\/tr>\n<tr>\n<td width=\"302\">M\u00f3da<\/td>\n<td width=\"302\">nadrozmern\u00e9<\/td>\n<\/tr>\n<tr>\n<td width=\"302\">Materi\u00e1l<\/td>\n<td width=\"302\">Polyester 100%<\/td>\n<\/tr>\n<\/tbody>\n<\/table>\n<p style=\"text-align: center;\"><span style=\"font-size: 10pt;\">\u00a0<\/span><\/p>\n<p style=\"text-align: center;\">\u00a0Modelka je vysok\u00e1 165 cm a zvy\u010dajne nos\u00ed ve\u013ekos\u0165 hore <strong>S<br \/>\n<\/strong><\/p>\n<p style=\"text-align: center;\">\u0160\u00edrka cez prsia 92 cm<\/p>\n<p style=\"text-align: center;\">\u0160\u00edrka v p\u00e1se 62 cm<\/p>\n<p style=\"text-align: center;\">\u0160\u00edrka v bokoch 94 cm<\/p>\n<p style=\"text-align: center;\"><strong>\u00a0<\/strong><\/p>\n<p style=\"text-align: center;\"><span style=\"font-size: 10pt;\">\u00a0<\/span><\/p>\n<p style=\"text-align: center;\"><span style=\"font-size: 10pt;\">\u00a0<\/span><\/p>\n<p style=\"text-align: center;\"><span style=\"font-size: 10pt;\">\u00a0<\/span><\/p>","protected":false},"excerpt":{"rendered":"<p>Bluzka Asymetryczna Z Napisem Love Be\u017cowa Bluzka z napisem love z kr\u00f3tkim r\u0119kawkiem. Bluzka jest asymetryczna idealna na co dzie\u0144, do pracy jak i na spotkanie z przyjaci\u00f3\u0142mi. Rozmiar uniwersalny. Zalecana dla Pa\u0144 w rozmiarze S M L XL \u00a0 \u00a0 \u00a0Wymiary: \u00a0 \u00a0\u00a0\u00a0\u00a0\u00a0\u00a0\u00a0 d\u0142ugo\u015b\u0107 ca\u0142kowita prz\u00f3d : 69 cm d\u0142ugo\u015b\u0107 ca\u0142kowita ty\u0142: 74 cm<\/p>\n<div class=\"klb-readmore post-buttons\"><a class=\"button black outline size-sm\" href=\"https:\/\/madelinefashion.pl\/sk\/bluzka-asymetryczna-z-napisem-love-bezowa\/\">\u010c\u00edta\u0165 \u010falej <i class=\"klbth-icon-right-arrow\"><\/i><\/a><\/div>","protected":false},"featured_media":88139,"template":"","meta":[],"product_brand":[],"product_cat":[77],"product_tag":[479],"class_list":{"0":"post-88143","1":"product","2":"type-product","3":"status-publish","4":"has-post-thumbnail","6":"product_cat-bluzki","7":"product_tag-bluzki-z-krotkim-rekawem","9":"first","10":"instock","11":"sale","12":"purchasable","13":"product-type-simple"},"_links":{"self":[{"href":"https:\/\/madelinefashion.pl\/sk\/wp-json\/wp\/v2\/product\/88143","targetHints":{"allow":["GET"]}}],"collection":[{"href":"https:\/\/madelinefashion.pl\/sk\/wp-json\/wp\/v2\/product"}],"about":[{"href":"https:\/\/madelinefashion.pl\/sk\/wp-json\/wp\/v2\/types\/product"}],"wp:featuredmedia":[{"embeddable":true,"href":"https:\/\/madelinefashion.pl\/sk\/wp-json\/wp\/v2\/media\/88139"}],"wp:attachment":[{"href":"https:\/\/madelinefashion.pl\/sk\/wp-json\/wp\/v2\/media?parent=88143"}],"wp:term":[{"taxonomy":"product_brand","embeddable":true,"href":"https:\/\/madelinefashion.pl\/sk\/wp-json\/wp\/v2\/product_brand?post=88143"},{"taxonomy":"product_cat","embeddable":true,"href":"https:\/\/madelinefashion.pl\/sk\/wp-json\/wp\/v2\/product_cat?post=88143"},{"taxonomy":"product_tag","embeddable":true,"href":"https:\/\/madelinefashion.pl\/sk\/wp-json\/wp\/v2\/product_tag?post=88143"}],"curies":[{"name":"pracovn\u00fd list","href":"https:\/\/api.w.org\/{rel}","templated":true}]}}