{"id":8839,"date":"2021-04-18T21:12:12","date_gmt":"2021-04-18T19:12:12","guid":{"rendered":"https:\/\/madelinefashion.pl\/?post_type=product&#038;p=8839"},"modified":"2024-02-02T13:46:15","modified_gmt":"2024-02-02T12:46:15","slug":"marynarka-z-paskiem-bezowa-nicol","status":"publish","type":"product","link":"https:\/\/madelinefashion.pl\/sk\/marynarka-z-paskiem-bezowa-nicol\/","title":{"rendered":"Bunda s opaskom Beige Nicol"},"content":{"rendered":"<h3 style=\"text-align: center;\">Bunda s opaskom Beige Nicol<\/h3>\n<p style=\"text-align: center;\"><strong>Bunda s opaskom Beige Nicol<\/strong> m\u00e1 golier a dve predn\u00e9 vreck\u00e1, zap\u00edna sa na sponu a maskovan\u00fd gomb\u00edk. Bunda m\u00e1 v\u0161it\u00e9 ramenn\u00e9 vypch\u00e1vky. <strong>Klasick\u00e9 sako je prvkom oble\u010denia, ktor\u00fd by mal ma\u0165 v \u0161atn\u00edku ka\u017ed\u00fd z n\u00e1s. <\/strong>Ide\u00e1lne pre elegantn\u00e9 \u0161tyliz\u00e1cie a skvel\u00e9 pre oby\u010dajn\u00e9 tri\u010dko a d\u017e\u00ednsy. Vysoko kvalitn\u00fd materi\u00e1l. <strong>Origin\u00e1lny \u0161t\u00fdl<\/strong> bundy bud\u00fa fungova\u0165 aj v elegantnom a \u0161portovom \u0161t\u00fdle. Ozdobn\u00e9 zlat\u00e9 gomb\u00edky na man\u017eet\u00e1ch. Mimoriadne \u0161t\u00fdlov\u00e1 ponuka na ka\u017edodenn\u00e9 pou\u017eitie, ako aj na elegantnej\u0161ie \u0161tyliz\u00e1cie. Bunda je dostupn\u00e1 v na\u0161ej predajni v <strong>nieko\u013eko farebn\u00fdch variantov<\/strong>.<\/p>\n<h3 style=\"text-align: center;\">Rozmery:<\/h3>\n<p style=\"text-align: center;\"><strong>36\/S<\/strong><\/p>\n<p style=\"text-align: center;\">Celkov\u00e1 d\u013a\u017eka - 70 cm<br \/>\n\u0160\u00edrka od pazuchy po pazuchu -46-48 cm<br \/>\n\u0160\u00edrka v p\u00e1se - 38 cm<br \/>\n\u0160\u00edrka v spodnej \u010dasti - 52 cm<br \/>\nD\u013a\u017eka ruk\u00e1va od ramena - 60 cm<br \/>\nD\u013a\u017eka ruk\u00e1va od podpazu\u0161ia - 45 cm<br \/>\n\u0160\u00edrka v bicepsoch - obvod - 31 cm<\/p>\n<p style=\"text-align: center;\"><strong>38\/M<\/strong><\/p>\n<p style=\"text-align: center;\">Celkov\u00e1 d\u013a\u017eka - 71 cm<br \/>\n\u0160\u00edrka od pazuchy po pazuchu -48-50 cm<br \/>\n\u0160\u00edrka v p\u00e1se - 41 cm<br \/>\n\u0160\u00edrka v spodnej \u010dasti - 54 cm<br \/>\nD\u013a\u017eka ruk\u00e1va od ramena - 61 cm<br \/>\nD\u013a\u017eka ruk\u00e1va od podpazu\u0161ia - 46 cm<br \/>\n\u0160\u00edrka bicepsu - obvod - 33 cm<\/p>\n<p style=\"text-align: center;\"><strong>40\/L<\/strong><\/p>\n<p style=\"text-align: center;\">Celkov\u00e1 d\u013a\u017eka - 72 cm<br \/>\n\u0160\u00edrka od pazuchy po pazuchu -50-52 cm<br \/>\n\u0160\u00edrka v p\u00e1se - 44 cm<br \/>\n\u0160\u00edrka v spodnej \u010dasti - 56 cm<br \/>\nD\u013a\u017eka ruk\u00e1va od ramena - 63 cm<br \/>\nD\u013a\u017eka ruk\u00e1va od podpazu\u0161ia - 48 cm<br \/>\n\u0160\u00edrka v bicepsoch - obvod - 35 cm<\/p>\n<p style=\"text-align: center;\"><strong>42\/XL<\/strong><\/p>\n<p style=\"text-align: center;\">Celkov\u00e1 d\u013a\u017eka - 72 cm<br \/>\n\u0160\u00edrka od pazuchy po pazuchu -52-54 cm<br \/>\n\u0160\u00edrka v p\u00e1se - 46 cm<br \/>\n\u0160\u00edrka v spodnej \u010dasti - 58 cm<br \/>\nD\u013a\u017eka ruk\u00e1va od ramena - 63 cm<br \/>\nD\u013a\u017eka ruk\u00e1va od podpazu\u0161ia - 48 cm<br \/>\n\u0160\u00edrka bicepsu - obvod - 37 cm<\/p>\n<p style=\"text-align: center;\">Rozmery sa m\u00f4\u017eu mierne l\u00ed\u0161i\u0165 od uveden\u00fdch +\/- 2cm. V\u0161etky uveden\u00e9 rozmery s\u00fa meran\u00e9 plo\u0161ne.<\/p>\n<table>\n<tbody>\n<tr>\n<td width=\"302\">Meno modela<\/td>\n<td width=\"302\">Nicol bunda s opaskom<\/td>\n<\/tr>\n<tr>\n<td width=\"302\">Farba<\/td>\n<td width=\"302\">B\u00e9\u017eov\u00e1<\/td>\n<\/tr>\n<tr>\n<td width=\"302\">ve\u013ekosti<\/td>\n<td width=\"302\">SML XL<\/td>\n<\/tr>\n<tr>\n<td width=\"302\">M\u00f3da<\/td>\n<td width=\"302\">Zhoda<\/td>\n<\/tr>\n<tr>\n<td width=\"302\">Materi\u00e1l<\/td>\n<td width=\"302\">95 % Bavlna 5 % Elastan<\/td>\n<\/tr>\n<\/tbody>\n<\/table>\n<p style=\"text-align: center;\">\u00a0Model m\u00e1\u00a0<strong>165<\/strong>\u00a0cm vysok\u00fd, nos\u00ed ve\u013ekos\u0165 ka\u017ed\u00fd de\u0148\u00a0<strong>S<\/strong><\/p>\n<p style=\"text-align: center;\">","protected":false},"excerpt":{"rendered":"<p>Marynarka z Paskiem Be\u017cowa Nicol Marynarka z Paskiem Be\u017cowa Nicol posiada ko\u0142nierz , oraz dwie kieszenie z przodu, zapinana jest na klamr\u0119 oraz zamaskowany guzik. Marynarka posiada wszyte poduszki na ramionach. Klasyczna marynarka to element garderoby, kt\u00f3ra powinna mie\u0107 ka\u017cda z Nas w swojej szafie. Idealna do eleganckich stylizacji oraz \u015bwietnie si\u0119 sprawdzi do zwyk\u0142ego<\/p>\n<div class=\"klb-readmore post-buttons\"><a class=\"button black outline size-sm\" href=\"https:\/\/madelinefashion.pl\/sk\/marynarka-z-paskiem-bezowa-nicol\/\">\u010c\u00edta\u0165 \u010falej <i class=\"klbth-icon-right-arrow\"><\/i><\/a><\/div>","protected":false},"featured_media":35684,"template":"","meta":[],"product_brand":[],"product_cat":[95],"product_tag":[],"class_list":{"0":"post-8839","1":"product","2":"type-product","3":"status-publish","4":"has-post-thumbnail","6":"product_cat-marynarki-i-zakiety","7":"pa_rozmiar-s","8":"pa_rozmiar-m","9":"pa_rozmiar-l","10":"pa_rozmiar-xl","12":"first","13":"instock","14":"product-type-variable"},"_links":{"self":[{"href":"https:\/\/madelinefashion.pl\/sk\/wp-json\/wp\/v2\/product\/8839","targetHints":{"allow":["GET"]}}],"collection":[{"href":"https:\/\/madelinefashion.pl\/sk\/wp-json\/wp\/v2\/product"}],"about":[{"href":"https:\/\/madelinefashion.pl\/sk\/wp-json\/wp\/v2\/types\/product"}],"wp:featuredmedia":[{"embeddable":true,"href":"https:\/\/madelinefashion.pl\/sk\/wp-json\/wp\/v2\/media\/35684"}],"wp:attachment":[{"href":"https:\/\/madelinefashion.pl\/sk\/wp-json\/wp\/v2\/media?parent=8839"}],"wp:term":[{"taxonomy":"product_brand","embeddable":true,"href":"https:\/\/madelinefashion.pl\/sk\/wp-json\/wp\/v2\/product_brand?post=8839"},{"taxonomy":"product_cat","embeddable":true,"href":"https:\/\/madelinefashion.pl\/sk\/wp-json\/wp\/v2\/product_cat?post=8839"},{"taxonomy":"product_tag","embeddable":true,"href":"https:\/\/madelinefashion.pl\/sk\/wp-json\/wp\/v2\/product_tag?post=8839"}],"curies":[{"name":"pracovn\u00fd list","href":"https:\/\/api.w.org\/{rel}","templated":true}]}}