{"id":8855,"date":"2021-04-18T21:26:30","date_gmt":"2021-04-18T19:26:30","guid":{"rendered":"https:\/\/madelinefashion.pl\/?post_type=product&#038;p=8855"},"modified":"2025-09-19T16:45:44","modified_gmt":"2025-09-19T14:45:44","slug":"sukienka-z-lancuszkiem-passeo-bezowa","status":"publish","type":"product","link":"https:\/\/madelinefashion.pl\/sk\/sukienka-z-lancuszkiem-passeo-bezowa\/","title":{"rendered":"\u0160aty s retiazkou Passeo Beige"},"content":{"rendered":"<h2 style=\"text-align: center;\">\u0160aty s retiazkou Passeo Beige<\/h2>\n<p style=\"text-align: center;\"><strong>Elegantn\u00e9 pleten\u00e9 \u0161aty<\/strong> perfektne strihan\u00e9<strong> zd\u00f4raz\u0148uj\u00face \u017eensk\u00e9 tvary<\/strong>. Materi\u00e1l \u0161iat neobmedzuje v pohybe a je ve\u013emi pru\u017en\u00fd. D\u00e1 sa nosi\u0165 \u0161portovo aj elegantne. <b>\u0160aty so zlatou retiazkou na chrbte<\/b>\u00a0\u2013 mega sexi. C\u00ed\u0165 to<strong> v\u00fdnimo\u010dne. <\/strong>Ve\u013emi m\u00e4kk\u00fd a pru\u017en\u00fd materi\u00e1l. <strong>Ide\u00e1lne \u0161aty na ka\u017edodenn\u00e9 vych\u00e1dzky, cestovanie alebo do pr\u00e1ce. Tepl\u00e9 a priliehav\u00e9 \u0161aty sa hodia do ka\u017ed\u00e9ho po\u010dasia.<\/strong> Tento elegantn\u00fd dizajn je ide\u00e1lny pre ka\u017ed\u00fa pr\u00edle\u017eitos\u0165, pri ktorej sa chcete c\u00edti\u0165 v\u00fdnimo\u010dne. \u0160aty jemne zv\u00fdraz\u0148uj\u00fa siluetu. <strong>Passeo<\/strong> v univerz\u00e1lnej odpor\u00fa\u010danej ve\u013ekosti od XS do maxim\u00e1lnej ve\u013ekosti L<\/p>\n<p>&nbsp;<\/p>\n<h3 style=\"text-align: center;\">\u00a0 \u00a0 \u00a0 \u00a0 \u00a0 \u00a0 \u00a0 \u00a0 \u00a0 Rozmery:<\/h3>\n<ul>\n<li style=\"text-align: center;\">\u00a0 \u00a0 Celkov\u00e1 predn\u00e1 d\u013a\u017eka - 102 cm<\/li>\n<li style=\"text-align: center;\">\u0160\u00edrka od podpazu\u0161ia k podpazu\u0161iu \u2013 36-47 cm<\/li>\n<li style=\"text-align: center;\">\u0160\u00edrka p\u00e1sa \u2013 30 \u2013 48 cm<\/li>\n<li style=\"text-align: center;\">\u0160\u00edrka v spodnej \u010dasti \u2013 35-52 cm<\/li>\n<\/ul>\n<p style=\"text-align: center;\">Rozmery sa m\u00f4\u017eu mierne l\u00ed\u0161i\u0165 od uveden\u00fdch +\/- 2cm. V\u0161etky uveden\u00e9 rozmery s\u00fa meran\u00e9 plo\u0161ne. <strong>rozmer x2<\/strong><\/p>\n<h3 style=\"text-align: center;\">Charakteristika:<\/h3>\n<p style=\"text-align: center;\">- midi \u0161aty<br \/>\n-zlat\u00e1 retiazka<br \/>\n- univerz\u00e1lny<br \/>\n-sexi<br \/>\n-m\u00f3dne<br \/>\n-\u017dena<br \/>\n- osaden\u00e1<br \/>\n- pohodln\u00e9<\/p>\n<p>&nbsp;<\/p>\n<table>\n<tbody>\n<tr>\n<td width=\"302\"><span style=\"font-size: 10pt;\">Meno modela<\/span><\/td>\n<td width=\"302\">Retiazkov\u00e9 \u0161aty Passeo<\/td>\n<\/tr>\n<tr>\n<td width=\"302\"><span style=\"font-size: 10pt;\">Farba<\/span><\/td>\n<td width=\"302\"><span style=\"font-size: 13.3333px;\">B\u00e9\u017eov\u00e1<\/span><\/td>\n<\/tr>\n<tr>\n<td width=\"302\"><span style=\"font-size: 10pt;\">M\u00f3da<\/span><\/td>\n<td width=\"302\"><span style=\"font-size: 10pt;\">Zhoda<\/span><\/td>\n<\/tr>\n<tr>\n<td width=\"302\"><span style=\"font-size: 10pt;\">Materi\u00e1l<\/span><\/td>\n<td width=\"302\"><span style=\"font-size: 10pt;\">98 % Bavlna 2 % Elastan\u00a0<\/span><\/td>\n<\/tr>\n<tr>\n<td width=\"302\"><span style=\"font-size: 10pt;\">D\u013a\u017eka<\/span><\/td>\n<td width=\"302\"><span style=\"font-size: 10pt;\">Cez koleno<\/span><\/td>\n<\/tr>\n<\/tbody>\n<\/table>\n<p>&nbsp;<\/p>\n<p style=\"text-align: center;\"><span style=\"font-size: 10pt;\">\u00a0<\/span><\/p>\n<div class=\"tabs tabs-bb clear mb-80\">\n<div class=\"tab-content\">\n<div id=\"tab-description\" class=\"tab-pane fade in woocommerce-Tabs-panel--description active\">\n<p style=\"text-align: center;\">Model m\u00e1\u00a0<strong>169<\/strong>\u00a0cm vysok\u00fd, nos\u00ed ve\u013ekos\u0165 ka\u017ed\u00fd de\u0148\u00a0<strong>S<\/strong><\/p>\n<p style=\"text-align: center;\">\u0160\u00edrka cez prsia 92 cm<\/p>\n<p style=\"text-align: center;\">\u0160\u00edrka v p\u00e1se 62 cm<\/p>\n<p style=\"text-align: center;\">\u0160\u00edrka v bokoch 94 cm<\/p>\n<\/div>\n<\/div>\n<\/div>","protected":false},"excerpt":{"rendered":"<p>Sukienka z \u0141a\u0144cuszkiem Passeo Be\u017cowa Elegancka sukienka dzianinowa o kroju idealnie podkre\u015blaj\u0105cym kobiece kszta\u0142ty. Materia\u0142 sukienki nie kr\u0119puj\u0119 ruch\u00f3w i jest bardzo elastyczny. Mo\u017cna j\u0105 nosi\u0107 w sportowym, jak i w eleganckim wydaniu. Sukienka ze z\u0142otym \u0142a\u0144cuszkiem na plecach\u00a0&#8211; mega sexowna. Poczuj si\u0119 wyj\u0105tkowo. Bardzo mi\u0119kki i rozci\u0105gliwy materia\u0142. Idealna sukienka na codzienne wyj\u015bcia, w<\/p>\n<div class=\"klb-readmore post-buttons\"><a class=\"button black outline size-sm\" href=\"https:\/\/madelinefashion.pl\/sk\/sukienka-z-lancuszkiem-passeo-bezowa\/\">\u010c\u00edta\u0165 \u010falej <i class=\"klbth-icon-right-arrow\"><\/i><\/a><\/div>","protected":false},"featured_media":118006,"template":"","meta":[],"product_brand":[],"product_cat":[125,395],"product_tag":[],"class_list":{"0":"post-8855","1":"product","2":"type-product","3":"status-publish","4":"has-post-thumbnail","6":"product_cat-sukienki","7":"product_cat-nowosci","9":"first","10":"instock","11":"purchasable","12":"product-type-simple"},"_links":{"self":[{"href":"https:\/\/madelinefashion.pl\/sk\/wp-json\/wp\/v2\/product\/8855","targetHints":{"allow":["GET"]}}],"collection":[{"href":"https:\/\/madelinefashion.pl\/sk\/wp-json\/wp\/v2\/product"}],"about":[{"href":"https:\/\/madelinefashion.pl\/sk\/wp-json\/wp\/v2\/types\/product"}],"wp:featuredmedia":[{"embeddable":true,"href":"https:\/\/madelinefashion.pl\/sk\/wp-json\/wp\/v2\/media\/118006"}],"wp:attachment":[{"href":"https:\/\/madelinefashion.pl\/sk\/wp-json\/wp\/v2\/media?parent=8855"}],"wp:term":[{"taxonomy":"product_brand","embeddable":true,"href":"https:\/\/madelinefashion.pl\/sk\/wp-json\/wp\/v2\/product_brand?post=8855"},{"taxonomy":"product_cat","embeddable":true,"href":"https:\/\/madelinefashion.pl\/sk\/wp-json\/wp\/v2\/product_cat?post=8855"},{"taxonomy":"product_tag","embeddable":true,"href":"https:\/\/madelinefashion.pl\/sk\/wp-json\/wp\/v2\/product_tag?post=8855"}],"curies":[{"name":"pracovn\u00fd list","href":"https:\/\/api.w.org\/{rel}","templated":true}]}}