{"id":8878,"date":"2021-04-18T22:46:48","date_gmt":"2021-04-18T20:46:48","guid":{"rendered":"https:\/\/madelinefashion.pl\/?post_type=product&#038;p=8878"},"modified":"2023-07-26T11:45:21","modified_gmt":"2023-07-26T09:45:21","slug":"komplet-bluzka-spodenki-sinti-falbanka-khaki","status":"publish","type":"product","link":"https:\/\/madelinefashion.pl\/sk\/komplet-bluzka-spodenki-sinti-falbanka-khaki\/","title":{"rendered":"S\u00faprava Bl\u00fazka + \u0160ortky Sinti Frill Khaki"},"content":{"rendered":"<h3 style=\"text-align: center;\">S\u00faprava Bl\u00fazka + \u0160ortky Sinti Frill Khaki<\/h3>\n<p style=\"text-align: center;\"><strong>Fenomen\u00e1lna s\u00faprava kr\u00e1tkych tepl\u00e1kov<\/strong>\u00a0vyroben\u00e9 z ve\u013emi kvalitnej, m\u00e4kkej a\u00a0<strong>pr\u00edjemn\u00e9<\/strong>\u00a0v kontakte\u00a0<strong>materi\u00e1l<\/strong>. Tepl\u00e1kov\u00e1 s\u00faprava zdoben\u00e1 jemn\u00fdmi vol\u00e1nmi. <strong>S\u00faprava Bl\u00fazka + \u0161ortky\u00a0<\/strong>je vynikaj\u00facou ponukou pre t\u00fdch, ktor\u00ed miluj\u00fa ma\u0165 ka\u017ed\u00fd de\u0148 pocit pohodlia a z\u00e1rove\u0148 pocit priate\u013esk\u00e9ho a m\u00e4kk\u00e9ho dotyku. S\u00faprava je vyroben\u00e1 z kvalitn\u00e9ho materi\u00e1lu - je ve\u013emi pr\u00edjemn\u00e1 na dotyk.<br \/>\n<strong><span lang=\"en-us\" xml:lang=\"en-us\">\u0160ortky sa daj\u00fa nosi\u0165 spolu s bl\u00fazkou alebo sa daj\u00fa aj kombinova\u0165 <\/span><\/strong><a href=\"https:\/\/madelinefashion.pl\/sk\/casual-clothes\/t-shirty\/\"><span lang=\"en-us\" xml:lang=\"en-us\">ko\u0161e\u013eu<\/span><\/a><strong><span lang=\"en-us\" xml:lang=\"en-us\"> a vytvorte si dokonal\u00fd ka\u017edodenn\u00fd le\u017e\u00e9rny \u0161t\u00fdl.\u00a0<\/span><\/strong> \u0160ortky maj\u00fa dve vreck\u00e1 a <strong>s\u0165ahov\u00e1k p\u00e1su. <\/strong>S\u00faprava dostupn\u00e1 v\u00a0<strong>kr\u00e1sne farby<\/strong>ktor\u00e9 s\u00fa ide\u00e1lne na nadch\u00e1dzaj\u00facu sez\u00f3nu. S\u00faprava v univerz\u00e1lnej ve\u013ekosti odpor\u00fa\u010dan\u00e1 pre d\u00e1my vo ve\u013ekosti\u00a0<strong>SML XL<\/strong>\u00a0.<br \/>\nT\u00fato s\u00fapravu rozhodne mus\u00edte ma\u0165\u00a0<strong>v\u00e1\u0161 \u0161atn\u00edk<\/strong>!<\/p>\n<h3 style=\"text-align: center;\">\u00a0 \u00a0 \u00a0Rozmery:<\/h3>\n<p style=\"text-align: center;\"><strong>\u00a0 \u00a0 \u00a0 Bl\u00fazka\u00a0<\/strong><\/p>\n<ul style=\"text-align: center;\">\n<li>\u00a0\u00a0\u00a0\u00a0\u00a0\u00a0\u00a0 celkov\u00e1 d\u013a\u017eka: 58 cm<\/li>\n<li>\u00a0\u00a0\u00a0\u00a0\u00a0\u00a0\u00a0 \u0161\u00edrka od pazuchy po pazuchu: 47-55 cm<\/li>\n<li>\u00a0 \u00a0 \u0161\u00edrka dole: 46-56 cm<\/li>\n<li>\u00a0\u00a0\u00a0\u00a0\u00a0\u00a0\u00a0 odpor\u00fa\u010dan\u00fd maxim\u00e1lny obvod poprsia: 108 cm<\/li>\n<\/ul>\n<p style=\"text-align: center;\"><strong>\u00a0 \u00a0 \u00a0 \u00a0\u0160ortky<\/strong><\/p>\n<ul style=\"text-align: center;\">\n<li>\u00a0 celkov\u00e1 d\u013a\u017eka: 32 cm<\/li>\n<li>\u00a0\u00a0\u00a0\u00a0\u00a0\u00a0\u00a0 \u0161\u00edrka p\u00e1su: 35-48 cm<\/li>\n<li>\u00a0 \u00a0 \u00a0 \u00a0 \u0161\u00edrka bokov 42-50 cm<\/li>\n<li>\u00a0 \u00a0 \u00a0 \u00a0\u00a0p\u00e1s 27 cm<\/li>\n<\/ul>\n<p style=\"text-align: center;\">Rozmery sa m\u00f4\u017eu mierne l\u00ed\u0161i\u0165 od uveden\u00fdch +\/- 2cm. V\u0161etky uveden\u00e9 rozmery s\u00fa meran\u00e9 plo\u0161ne.<\/p>\n<table>\n<tbody>\n<tr>\n<td width=\"302\">Meno modela<\/td>\n<td width=\"302\">S\u00faprava Bl\u00fazka + \u0160ortky Sinti Frill<\/td>\n<\/tr>\n<tr>\n<td width=\"302\">Farba<\/td>\n<td width=\"302\">kaki<\/td>\n<\/tr>\n<tr>\n<td width=\"302\">ve\u013ekosti<\/td>\n<td width=\"302\">Univerz\u00e1lny<\/td>\n<\/tr>\n<tr>\n<td width=\"302\">M\u00f3da<\/td>\n<td width=\"302\">nadrozmern\u00e9<\/td>\n<\/tr>\n<tr>\n<td width=\"302\">Materi\u00e1l<\/td>\n<td width=\"302\">95 % Bavlna 5% Bavlna<\/td>\n<\/tr>\n<\/tbody>\n<\/table>\n<div class=\"tabs tabs-bb clear mb-80\">\n<div class=\"tab-content\">\n<div id=\"tab-description\" class=\"tab-pane fade in woocommerce-Tabs-panel--description active\">\n<div class=\"tabs tabs-bb clear mb-80\">\n<div class=\"tab-content\">\n<div id=\"tab-description\" class=\"tab-pane fade in woocommerce-Tabs-panel--description active\">\n<p style=\"text-align: center;\">\u00a0Model m\u00e1\u00a0<strong>165<\/strong>\u00a0cm vysok\u00fd, nos\u00ed ve\u013ekos\u0165 ka\u017ed\u00fd de\u0148\u00a0<strong>S<\/strong><\/p>\n<\/div>\n<\/div>\n<\/div>\n<\/div>\n<\/div>\n<\/div>","protected":false},"excerpt":{"rendered":"<p>Komplet Bluzka+ Spodenki Sinti Falbanka Khaki Fenomenalny Kr\u00f3tki Komplet dresowy\u00a0wykonany z bardzo dobrej jako\u015bci, mi\u0119kkiego i\u00a0przyjemnego\u00a0w dotyku\u00a0materia\u0142u. Dres ozdobiony delikatnymi falbankami. Komplet Bluzka + spodenki\u00a0to doskona\u0142a propozycja dla tych, kt\u00f3re uwielbiaj\u0105 na co dzie\u0144 mie\u0107 poczucie komfortu, a przy tym odczucie przyjaznego i mi\u0119kkiego dotyku. Komplet wykonany jest z wysokiej jako\u015bci materia\u0142u \u2013 jest mega<\/p>\n<div class=\"klb-readmore post-buttons\"><a class=\"button black outline size-sm\" href=\"https:\/\/madelinefashion.pl\/sk\/komplet-bluzka-spodenki-sinti-falbanka-khaki\/\">\u010c\u00edta\u0165 \u010falej <i class=\"klbth-icon-right-arrow\"><\/i><\/a><\/div>","protected":false},"featured_media":8871,"template":"","meta":[],"product_brand":[],"product_cat":[89],"product_tag":[],"class_list":{"0":"post-8878","1":"product","2":"type-product","3":"status-publish","4":"has-post-thumbnail","6":"product_cat-komplety","8":"first","9":"outofstock","10":"purchasable","11":"product-type-simple"},"_links":{"self":[{"href":"https:\/\/madelinefashion.pl\/sk\/wp-json\/wp\/v2\/product\/8878","targetHints":{"allow":["GET"]}}],"collection":[{"href":"https:\/\/madelinefashion.pl\/sk\/wp-json\/wp\/v2\/product"}],"about":[{"href":"https:\/\/madelinefashion.pl\/sk\/wp-json\/wp\/v2\/types\/product"}],"wp:featuredmedia":[{"embeddable":true,"href":"https:\/\/madelinefashion.pl\/sk\/wp-json\/wp\/v2\/media\/8871"}],"wp:attachment":[{"href":"https:\/\/madelinefashion.pl\/sk\/wp-json\/wp\/v2\/media?parent=8878"}],"wp:term":[{"taxonomy":"product_brand","embeddable":true,"href":"https:\/\/madelinefashion.pl\/sk\/wp-json\/wp\/v2\/product_brand?post=8878"},{"taxonomy":"product_cat","embeddable":true,"href":"https:\/\/madelinefashion.pl\/sk\/wp-json\/wp\/v2\/product_cat?post=8878"},{"taxonomy":"product_tag","embeddable":true,"href":"https:\/\/madelinefashion.pl\/sk\/wp-json\/wp\/v2\/product_tag?post=8878"}],"curies":[{"name":"pracovn\u00fd list","href":"https:\/\/api.w.org\/{rel}","templated":true}]}}