{"id":90315,"date":"2023-05-26T16:38:52","date_gmt":"2023-05-26T14:38:52","guid":{"rendered":"https:\/\/madelinefashion.pl\/?post_type=product&#038;p=90315"},"modified":"2026-04-20T18:53:38","modified_gmt":"2026-04-20T16:53:38","slug":"sukienka-maxi-laura-brocate-biala","status":"publish","type":"product","link":"https:\/\/madelinefashion.pl\/sk\/sukienka-maxi-laura-brocate-biala\/","title":{"rendered":"Maxi \u0161aty Laura Brocate White"},"content":{"rendered":"<h3 style=\"text-align: center;\">Maxi \u0161aty Laura Brocate White<\/h3>\n<p style=\"text-align: center;\">Kr\u00e1sne dlh\u00e9 <strong>ve\u010dern\u00e1 r\u00f3ba<\/strong> zo vzdu\u0161n\u00e9ho materi\u00e1lu s \u010dipkovan\u00fdm topom zdoben\u00fdm n\u00e1dhernou v\u00fd\u0161ivkou a ozdobami v podobe trblietav\u00fdch kry\u0161t\u00e1lov. Kr\u00e1sne odha\u013euje \u017eensk\u00e9 tvary - spodok \u0161iat je cel\u00fd zo spl\u00fdvav\u00e9ho brok\u00e1tov\u00e9ho materi\u00e1lu. Maxi \u0161aty s guipure a ruk\u00e1vom v podobe vol\u00e1nu a rozparku na nohavici. Vrch \u0161iat je vyroben\u00fd z unik\u00e1tneho guipure zdoben\u00e9ho drobn\u00fdmi flitrami. Zo\u0161t\u00edh\u013euj\u00faci model ur\u010den\u00fd pre siluety PLUS SIZE. Brok\u00e1tov\u00e9 \u0161aty ide\u00e1lne na civiln\u00fd sob\u00e1\u0161 alebo cirkevn\u00fd sob\u00e1\u0161. Dostupn\u00e9 vo ve\u013ekostiach 44, 46, 48, 50, 52, 54.<\/p>\n<h3 style=\"text-align: center;\">ROZMERY \u0161iat:<\/h3>\n<table width=\"408\">\n<tbody>\n<tr>\n<td>VE\u013dKOS\u0164<\/td>\n<td>44<\/td>\n<td>46<\/td>\n<td>48<\/td>\n<\/tr>\n<tr>\n<td>poprsia<\/td>\n<td>98-100<\/td>\n<td>104-106<\/td>\n<td>110-112<\/td>\n<\/tr>\n<tr>\n<td>P\u00e1s<\/td>\n<td>86-88<\/td>\n<td>90-92<\/td>\n<td>96-98<\/td>\n<\/tr>\n<tr>\n<td>Boky<\/td>\n<td>\u00a0106-110<\/td>\n<td>\u00a0112-118<\/td>\n<td>\u00a0118-124<\/td>\n<\/tr>\n<\/tbody>\n<\/table>\n<p>&nbsp;<\/p>\n<table width=\"408\">\n<tbody>\n<tr>\n<td>VE\u013dKOS\u0164<\/td>\n<td>50<\/td>\n<td>52<\/td>\n<td>54<\/td>\n<\/tr>\n<tr>\n<td>poprsia<\/td>\n<td>116-118<\/td>\n<td>122-124<\/td>\n<td>126-128<\/td>\n<\/tr>\n<tr>\n<td>P\u00e1s<\/td>\n<td>102-104<\/td>\n<td>108-110<\/td>\n<td>114-116<\/td>\n<\/tr>\n<tr>\n<td>Boky<\/td>\n<td>\u00a0124-130<\/td>\n<td>\u00a0130-134<\/td>\n<td>\u00a0136-140<\/td>\n<\/tr>\n<\/tbody>\n<\/table>\n<p style=\"text-align: center;\"><span style=\"font-size: 10pt;\">celkov\u00e1 d\u013a\u017eka cca 157 cm\u00a0\u00a0<\/span><\/p>\n<p style=\"text-align: center;\"><span style=\"font-size: 10pt;\">\u0160aty s\u00fa dostupn\u00e9 aj v in\u00fdch farb\u00e1ch - odpor\u00fa\u010dame v\u00e1m zozn\u00e1mi\u0165 sa s na\u0161imi \u010fal\u0161\u00edmi produktmi.\u00a0<\/span><\/p>\n<p style=\"text-align: center;\"><span style=\"font-size: 10pt;\">Rozmery sa m\u00f4\u017eu mierne l\u00ed\u0161i\u0165 od uveden\u00fdch +\/- 2cm.\u00a0<\/span><\/p>\n<p style=\"text-align: center;\"><span style=\"font-size: 10pt;\"><strong>\u00a0<\/strong>\u00a0<\/span><\/p>\n<table width=\"616\">\n<tbody>\n<tr>\n<td width=\"302\">Meno modela<\/td>\n<td width=\"302\">Maxi \u0161aty Laura Brocate<\/td>\n<\/tr>\n<tr>\n<td width=\"302\">Farba<\/td>\n<td width=\"302\">biely<\/td>\n<\/tr>\n<tr>\n<td width=\"302\">Marka<\/td>\n<td width=\"302\">M\u00f3da Bosca<\/td>\n<\/tr>\n<tr>\n<td width=\"302\">ve\u013ekosti<\/td>\n<td width=\"302\">\u00a044 46 48 50 52 54<\/td>\n<\/tr>\n<tr>\n<td width=\"302\">M\u00f3da<\/td>\n<td width=\"302\">\n<div class=\"dictionary__value\"><span class=\"dictionary__value_txt\">vzplanul, <\/span><span class=\"dictionary__value_txt\">Mierne vypasovan\u00e9<\/span><\/div>\n<\/td>\n<\/tr>\n<tr>\n<td width=\"302\">Materi\u00e1l<\/td>\n<td width=\"302\">80% polyester, 15% visk\u00f3za, 5% elastan<\/td>\n<\/tr>\n<tr>\n<td width=\"302\">D\u013a\u017eka<\/td>\n<td width=\"302\">Na zem<\/td>\n<\/tr>\n<\/tbody>\n<\/table>\n<p style=\"text-align: center;\"><span style=\"font-size: 10pt;\">\u00a0<\/span><\/p>\n<p>&nbsp;<\/p>\n<p style=\"text-align: center;\"><span style=\"font-size: 10pt;\">Aby ste si vybrali\u00a0<strong>perfektn\u00e9 \u0161aty<\/strong>\u00a0kontaktujte n\u00e1s telefonicky alebo prostredn\u00edctvom na\u0161ej webovej str\u00e1nky <a href=\"https:\/\/www.facebook.com\/madelinefashionbutik\" target=\"_blank\" rel=\"noopener\">Facebook<\/a> .<\/span><br \/>\n<span style=\"font-size: 10pt;\">N\u00e1\u0161 t\u00edm v\u00e1m pom\u00f4\u017ee\u00a0<strong>Vyberte si ten spr\u00e1vny<\/strong>\u00a0.\u00a0<strong>Na \u017eelanie kupuj\u00faceho vyrob\u00edme ak\u00e9ko\u013evek \u0161aty\u00a0<\/strong><strong>opatrne mera\u0165.\u00a0<\/strong><\/span><\/p>\n<div class=\"additional-details\">\n<p style=\"text-align: center;\"><span style=\"font-size: 10pt;\">\u00a0<\/span><\/p>\n<\/div>","protected":false},"excerpt":{"rendered":"<p>Sukienka Maxi Laura Brocate Bia\u0142a Pi\u0119kna d\u0142uga suknia wieczorowa ze zwiewnego materia\u0142u z koronkow\u0105 g\u00f3r\u0105 zdobion\u0105 cudownymi haftami oraz zdobieniami w postaci mieni\u0105cych si\u0119 kryszta\u0142k\u00f3w. Pi\u0119knie eksponuje kobiece kszta\u0142ty- d\u00f3\u0142 sukienki wykonany w ca\u0142o\u015bci z lej\u0105cego si\u0119 materia\u0142u brokatowego.\u00a0 Sukienka maxi\u00a0 z gipiur\u0105 i r\u0119kawkiem w formie falbanki oraz rozci\u0119ciem na nodze. G\u00f3ra sukni uszyta<\/p>\n<div class=\"klb-readmore post-buttons\"><a class=\"button black outline size-sm\" href=\"https:\/\/madelinefashion.pl\/sk\/sukienka-maxi-laura-brocate-biala\/\">\u010c\u00edta\u0165 \u010falej <i class=\"klbth-icon-right-arrow\"><\/i><\/a><\/div>","protected":false},"featured_media":90310,"template":"","meta":[],"product_brand":[],"product_cat":[124,395,560,564,566,629],"product_tag":[385,219,163],"class_list":{"0":"post-90315","1":"product","2":"type-product","3":"status-publish","4":"has-post-thumbnail","6":"product_cat-sukienki-okolicznosciowe","7":"product_cat-nowosci","8":"product_cat-sukienki-brokatowe","9":"product_cat-sukienki-plus-size","10":"product_cat-suknie-slubne","11":"product_cat-suknie-slubne-plus-size","12":"product_tag-plus-size","13":"product_tag-sukienka-biala","14":"product_tag-sukienki-dlugie","16":"first","17":"instock","18":"purchasable","19":"product-type-variable"},"_links":{"self":[{"href":"https:\/\/madelinefashion.pl\/sk\/wp-json\/wp\/v2\/product\/90315","targetHints":{"allow":["GET"]}}],"collection":[{"href":"https:\/\/madelinefashion.pl\/sk\/wp-json\/wp\/v2\/product"}],"about":[{"href":"https:\/\/madelinefashion.pl\/sk\/wp-json\/wp\/v2\/types\/product"}],"wp:featuredmedia":[{"embeddable":true,"href":"https:\/\/madelinefashion.pl\/sk\/wp-json\/wp\/v2\/media\/90310"}],"wp:attachment":[{"href":"https:\/\/madelinefashion.pl\/sk\/wp-json\/wp\/v2\/media?parent=90315"}],"wp:term":[{"taxonomy":"product_brand","embeddable":true,"href":"https:\/\/madelinefashion.pl\/sk\/wp-json\/wp\/v2\/product_brand?post=90315"},{"taxonomy":"product_cat","embeddable":true,"href":"https:\/\/madelinefashion.pl\/sk\/wp-json\/wp\/v2\/product_cat?post=90315"},{"taxonomy":"product_tag","embeddable":true,"href":"https:\/\/madelinefashion.pl\/sk\/wp-json\/wp\/v2\/product_tag?post=90315"}],"curies":[{"name":"pracovn\u00fd list","href":"https:\/\/api.w.org\/{rel}","templated":true}]}}