{"id":90772,"date":"2023-05-29T14:49:41","date_gmt":"2023-05-29T12:49:41","guid":{"rendered":"https:\/\/madelinefashion.pl\/?post_type=product&#038;p=90772"},"modified":"2025-09-09T10:15:22","modified_gmt":"2025-09-09T08:15:22","slug":"sukienka-azurowa-z-rekawkiem-seniorita-limonka","status":"publish","type":"product","link":"https:\/\/madelinefashion.pl\/sk\/sukienka-azurowa-z-rekawkiem-seniorita-limonka\/","title":{"rendered":"Prelamovan\u00e9 \u0161aty s ruk\u00e1vom Seniorita Lime"},"content":{"rendered":"<h3 style=\"text-align: center;\">Prelamovan\u00e9 \u0161aty s ruk\u00e1vom Seniorita Lime<\/h3>\n<p style=\"text-align: center;\"><span style=\"font-size: 10pt;\">Mimoriadne \u017eensk\u00e9, \u010dipkovan\u00e9 \u0161aty in<strong> boho \u0161t\u00fdl<\/strong>. \u010caro jej dod\u00e1vaj\u00fa \u010dipkovan\u00e9 kvetinov\u00e9 dekor\u00e1cie. Ide\u00e1lne na ka\u017edodenn\u00e9 aj ve\u010dern\u00e9 vych\u00e1dzky! \u0160aty s\u00fa vyroben\u00e9 z najkvalitnej\u0161ej bavlny, a\u017e\u00farov\u00e9ho materi\u00e1lu, ktor\u00fd ve\u013emi vyzer\u00e1 <strong>\u017eensk\u00fd<\/strong>. \u0160aty maj\u00fa <strong>pod\u0161\u00edvka<\/strong> zabezpe\u010denie pohodlia pri nosen\u00ed. Prelamovan\u00e9 \u0161aty s ruk\u00e1vmi Seniorita Jeans<strong>\u00a0<\/strong>\u00a0je ide\u00e1lna ponuka na tepl\u00e9 jarn\u00e9 a letn\u00e9 dni. <strong>odpor\u00fa\u010dan\u00e9<\/strong> pre d\u00e1my vo ve\u013e<strong> SML XL XL<\/strong>\u00a0 ak nos\u00edte v\u00e4\u010d\u0161iu ve\u013ekos\u0165, pozrite si tabu\u013eku ni\u017e\u0161ie.<\/span><\/p>\n<p>&nbsp;<\/p>\n<h3 style=\"text-align: center;\">Vlastnosti Produktu<\/h3>\n<ul style=\"text-align: center;\">\n<li style=\"text-align: center;\"><span style=\"font-size: 10pt;\">\u00a0pod\u0161\u00edvka<\/span><\/li>\n<li style=\"text-align: center;\"><span style=\"font-size: 10pt;\">elastick\u00e9<\/span><\/li>\n<li style=\"text-align: center;\"><span style=\"font-size: 10pt;\">\u00a0\u010dipka<\/span><\/li>\n<\/ul>\n<h3 style=\"text-align: center;\">Rozmery:<\/h3>\n<ul style=\"text-align: center;\">\n<li><span style=\"font-size: 10pt;\">\u00a0\u00a0\u00a0\u00a0\u00a0\u00a0\u00a0 \u00a0\u00a0\u00a0\u00a0\u00a0\u00a0\u00a0 celkov\u00e1 predn\u00e1 d\u013a\u017eka: 91 cm<br \/>\ncelkov\u00e1 d\u013a\u017eka chrbta: 95 cm<\/span><\/li>\n<li><span style=\"font-size: 10pt;\">\u00a0\u00a0\u00a0\u00a0\u00a0\u00a0\u00a0 \u00a0\u00a0\u00a0\u00a0\u00a0\u00a0\u00a0 \u0161\u00edrka od pazuchy po pazuchu: 36 -63 cm\u00a0<\/span><\/li>\n<li><span style=\"font-size: 10pt;\">d\u013a\u017eka ruk\u00e1va od podpazu\u0161ia: 25 cm\u00a0<\/span><\/li>\n<li><span style=\"font-size: 10pt;\">\u00a0\u00a0\u00a0\u00a0\u00a0\u00a0\u00a0 \u00a0\u00a0\u00a0\u00a0\u00a0\u00a0\u00a0 \u0161\u00edrka p\u00e1sa: 40 - 60 cm\u00a0<\/span><\/li>\n<li><span style=\"font-size: 10pt;\">\u00a0 \u00a0 \u00a0 \u00a0 \u00a0 \u00a0 \u00a0 \u00a0\u00a0<\/span><\/li>\n<\/ul>\n<p style=\"text-align: center;\">Rozmery sa m\u00f4\u017eu mierne l\u00ed\u0161i\u0165 od uveden\u00fdch +\/- 2cm. V\u0161etky uveden\u00e9 rozmery s\u00fa meran\u00e9 plo\u0161ne. <strong>rozmer x2<\/strong><\/p>\n<p style=\"text-align: center;\"><span style=\"font-size: 10pt;\">\u00a0<\/span><\/p>\n<p style=\"text-align: center;\"><span style=\"font-size: 10pt;\"><strong>\u00a0<\/strong>\u00a0<\/span><\/p>\n<p>&nbsp;<\/p>\n<table>\n<tbody>\n<tr>\n<td width=\"302\"><span style=\"font-size: 10pt;\">Meno modela<\/span><\/td>\n<td width=\"302\">Prelamovan\u00e9 \u0161aty s ruk\u00e1vom Seniorita<\/td>\n<\/tr>\n<tr>\n<td width=\"302\"><span style=\"font-size: 10pt;\">Farba<\/span><\/td>\n<td width=\"302\"><span style=\"font-size: 10pt;\">Limetka<\/span><\/td>\n<\/tr>\n<tr>\n<td width=\"302\"><span style=\"font-size: 10pt;\">\u0160t\u00fdl<\/span><\/td>\n<td width=\"302\"><span style=\"font-size: 10pt;\">Boho<\/span><\/td>\n<\/tr>\n<tr>\n<td width=\"302\"><span style=\"font-size: 10pt;\">Materi\u00e1l<\/span><\/td>\n<td width=\"302\"><span style=\"font-size: 10pt;\">90% visk\u00f3za 10% polyester<\/span><\/td>\n<\/tr>\n<tr>\n<td width=\"302\"><span style=\"font-size: 10pt;\">D\u013a\u017eka<\/span><\/td>\n<td width=\"302\"><span style=\"font-size: 10pt;\">A\u017e po koleno<\/span><\/td>\n<\/tr>\n<\/tbody>\n<\/table>\n<p>&nbsp;<\/p>\n<p style=\"text-align: center;\"><span style=\"font-size: 10pt;\">\u00a0<\/span><\/p>\n<div class=\"additional-details\" style=\"text-align: center;\">\n<p style=\"text-align: center;\">\u00a0Model m\u00e1 <strong>175<\/strong> cm vysok\u00fd, nos\u00ed ve\u013ekos\u0165 ka\u017ed\u00fd de\u0148\u00a0<strong>S<\/strong><\/p>\n<p style=\"text-align: center;\"><span style=\"font-size: 10pt;\">\u00a0<\/span><\/p>\n<p style=\"text-align: center;\"><span style=\"font-size: 10pt;\">\u00a0<\/span><\/p>\n<\/div>","protected":false},"excerpt":{"rendered":"<p>Sukienka A\u017curowa z R\u0119kawkiem Seniorita Limonka Niezwykle kobieca, koronkowa sukienka w stylu boho. Uroku dodaj\u0105 jej koronkowe kwiatowe zdobienia. Idealna zar\u00f3wno na co dzie\u0144 jak i na wieczorne wyj\u015bcie! Sukienka wykonana jest z najwy\u017cszej jako\u015bci bawe\u0142nianego, a\u017curowego materia\u0142u, kt\u00f3ry wygl\u0105da bardzo kobieco. Sukienka posiada podszewk\u0119 zapewniaj\u0105c komfort noszenia. Sukienka A\u017curowa z R\u0119kawkiem Seniorita Jeansowa\u00a0\u00a0to idealna<\/p>\n<div class=\"klb-readmore post-buttons\"><a class=\"button black outline size-sm\" href=\"https:\/\/madelinefashion.pl\/sk\/sukienka-azurowa-z-rekawkiem-seniorita-limonka\/\">\u010c\u00edta\u0165 \u010falej <i class=\"klbth-icon-right-arrow\"><\/i><\/a><\/div>","protected":false},"featured_media":90665,"template":"","meta":[],"product_brand":[],"product_cat":[125],"product_tag":[530,262],"class_list":{"0":"post-90772","1":"product","2":"type-product","3":"status-publish","4":"has-post-thumbnail","6":"product_cat-sukienki","7":"product_tag-sukienki-koronkowe","8":"product_tag-sukienki-krotkie","10":"first","11":"instock","12":"purchasable","13":"product-type-simple"},"_links":{"self":[{"href":"https:\/\/madelinefashion.pl\/sk\/wp-json\/wp\/v2\/product\/90772","targetHints":{"allow":["GET"]}}],"collection":[{"href":"https:\/\/madelinefashion.pl\/sk\/wp-json\/wp\/v2\/product"}],"about":[{"href":"https:\/\/madelinefashion.pl\/sk\/wp-json\/wp\/v2\/types\/product"}],"wp:featuredmedia":[{"embeddable":true,"href":"https:\/\/madelinefashion.pl\/sk\/wp-json\/wp\/v2\/media\/90665"}],"wp:attachment":[{"href":"https:\/\/madelinefashion.pl\/sk\/wp-json\/wp\/v2\/media?parent=90772"}],"wp:term":[{"taxonomy":"product_brand","embeddable":true,"href":"https:\/\/madelinefashion.pl\/sk\/wp-json\/wp\/v2\/product_brand?post=90772"},{"taxonomy":"product_cat","embeddable":true,"href":"https:\/\/madelinefashion.pl\/sk\/wp-json\/wp\/v2\/product_cat?post=90772"},{"taxonomy":"product_tag","embeddable":true,"href":"https:\/\/madelinefashion.pl\/sk\/wp-json\/wp\/v2\/product_tag?post=90772"}],"curies":[{"name":"pracovn\u00fd list","href":"https:\/\/api.w.org\/{rel}","templated":true}]}}