{"id":91288,"date":"2023-05-31T17:22:36","date_gmt":"2023-05-31T15:22:36","guid":{"rendered":"https:\/\/madelinefashion.pl\/?post_type=product&#038;p=91288"},"modified":"2025-09-09T10:14:06","modified_gmt":"2025-09-09T08:14:06","slug":"sukienka-asymetryczna-z-paskiem-leya-biala","status":"publish","type":"product","link":"https:\/\/madelinefashion.pl\/sk\/sukienka-asymetryczna-z-paskiem-leya-biala\/","title":{"rendered":"Asymetrick\u00e9 \u0161aty Leya s opaskom v bielej farbe"},"content":{"rendered":"<h3 style=\"text-align: center;\">Asymetrick\u00e9 \u0161aty Leya s opaskom v bielej farbe<\/h3>\n<p style=\"text-align: center;\"><strong>Elegantn\u00e9 \u0161aty<\/strong>\u00a0s asymetrick\u00fdm strihom. Materi\u00e1l \u0161iat neobmedzuje v pohybe a je ve\u013emi pru\u017en\u00fd. D\u00e1 sa nosi\u0165 \u0161portovo aj elegantne. <strong>Navy\u0161e m\u00e1 nariasen\u00fd opasok<\/strong> . Elegantn\u00fd model sa bude hodi\u0165 na ka\u017ed\u00fa pr\u00edle\u017eitos\u0165, kde sa chcete c\u00edti\u0165 v\u00fdnimo\u010dne. \u0160aty ve\u013emi jemn\u00fdm sp\u00f4sobom zd\u00f4raz\u0148uj\u00fa siluetu. \u0160aty Leya v univerz\u00e1lnej ve\u013ekosti odpor\u00fa\u010dan\u00e9 od XS do max L<\/p>\n<p>&nbsp;<\/p>\n<h3 style=\"text-align: center;\">\u00a0 \u00a0 \u00a0 \u00a0 \u00a0 \u00a0 \u00a0 \u00a0 \u00a0 Rozmery:<\/h3>\n<ul style=\"text-align: center;\">\n<li>\u00a0\u00a0\u00a0\u00a0\u00a0\u00a0\u00a0 celkov\u00e1 d\u013a\u017eka v najkrat\u0161om bode: 89 cm<br \/>\ncelkov\u00e1 d\u013a\u017eka v najdlh\u0161om bode: 115 cm<\/li>\n<li>\u00a0\u00a0\u00a0\u00a0\u00a0\u00a0\u00a0 \u0161\u00edrka od pazuchy po pazuchu: 37 -57 cm<\/li>\n<li>\u00a0 \u00a0 \u00a0 \u00a0 \u0161\u00edrka p\u00e1sa: 30 - 55 cm<\/li>\n<li><\/li>\n<li><\/li>\n<\/ul>\n<p style=\"text-align: center;\">Rozmery sa m\u00f4\u017eu mierne l\u00ed\u0161i\u0165 od uveden\u00fdch +\/- 2cm. V\u0161etky uveden\u00e9 rozmery s\u00fa meran\u00e9 plo\u0161ne. rozmer x2<\/p>\n<p>&nbsp;<\/p>\n<table>\n<tbody>\n<tr>\n<td width=\"302\"><span style=\"font-size: 10pt;\">Meno modela<\/span><\/td>\n<td width=\"302\">Asymetrick\u00e9 \u0161aty s opaskom Ley<\/td>\n<\/tr>\n<tr>\n<td width=\"302\"><span style=\"font-size: 10pt;\">Farba<\/span><\/td>\n<td width=\"302\">biely<\/td>\n<\/tr>\n<tr>\n<td width=\"302\"><span style=\"font-size: 10pt;\">M\u00f3da<\/span><\/td>\n<td width=\"302\"><span style=\"font-size: 10pt;\">Zhoda<\/span><\/td>\n<\/tr>\n<tr>\n<td width=\"302\"><span style=\"font-size: 10pt;\">Materi\u00e1l<\/span><\/td>\n<td width=\"302\"><span style=\"font-size: 10pt;\">95% visk\u00f3za 5 % elastan\u00a0<\/span><\/td>\n<\/tr>\n<tr>\n<td width=\"302\"><span style=\"font-size: 10pt;\">D\u013a\u017eka<\/span><\/td>\n<td width=\"302\"><span style=\"font-size: 13.3333px;\">Asymetrick\u00e9<\/span><\/td>\n<\/tr>\n<\/tbody>\n<\/table>\n<p style=\"text-align: center;\"><span style=\"font-size: 10pt;\">\u00a0<\/span><\/p>\n<div class=\"tabs tabs-bb clear mb-80\">\n<div class=\"tab-content\">\n<div id=\"tab-description\" class=\"tab-pane fade in woocommerce-Tabs-panel--description active\">\n<p style=\"text-align: center;\">Model m\u00e1\u00a0<strong>169<\/strong>\u00a0cm vysok\u00fd, nos\u00ed ve\u013ekos\u0165 ka\u017ed\u00fd de\u0148\u00a0<strong>S<\/strong><\/p>\n<p style=\"text-align: center;\">\u0160\u00edrka cez prsia 92 cm<\/p>\n<p style=\"text-align: center;\">\u0160\u00edrka v p\u00e1se 62 cm<\/p>\n<p style=\"text-align: center;\">\u0160\u00edrka v bokoch 94 cm<\/p>\n<\/div>\n<\/div>\n<\/div>\n<div class=\"additional-details\" style=\"text-align: center;\">\n<p style=\"text-align: center;\"><span style=\"font-size: 10pt;\">\u00a0<\/span><\/p>\n<\/div>","protected":false},"excerpt":{"rendered":"<p>Sukienka Asymetryczna z Paskiem Leya Bia\u0142a Elegancka sukienka\u00a0o asymetrycznym kroju. Materia\u0142 sukienki nie kr\u0119puj\u0119 ruch\u00f3w i jest bardzo elastyczny. Mo\u017cna j\u0105 nosi\u0107 w sportowym, jak i w eleganckim wydaniu. Dodatkowo posiada marszczony pasek . Szykowny model b\u0119dzie idealny na ka\u017cd\u0105 okazj\u0119 na kt\u00f3rej chcesz si\u0119 czu\u0107 wyj\u0105tkowo. Sukienka w bardzo subtelny spos\u00f3b podkre\u015bla sylwetk\u0119. Sukienka<\/p>\n<div class=\"klb-readmore post-buttons\"><a class=\"button black outline size-sm\" href=\"https:\/\/madelinefashion.pl\/sk\/sukienka-asymetryczna-z-paskiem-leya-biala\/\">\u010c\u00edta\u0165 \u010falej <i class=\"klbth-icon-right-arrow\"><\/i><\/a><\/div>","protected":false},"featured_media":91209,"template":"","meta":[],"product_brand":[],"product_cat":[125],"product_tag":[219,262],"class_list":{"0":"post-91288","1":"product","2":"type-product","3":"status-publish","4":"has-post-thumbnail","6":"product_cat-sukienki","7":"product_tag-sukienka-biala","8":"product_tag-sukienki-krotkie","10":"first","11":"instock","12":"purchasable","13":"product-type-simple"},"_links":{"self":[{"href":"https:\/\/madelinefashion.pl\/sk\/wp-json\/wp\/v2\/product\/91288","targetHints":{"allow":["GET"]}}],"collection":[{"href":"https:\/\/madelinefashion.pl\/sk\/wp-json\/wp\/v2\/product"}],"about":[{"href":"https:\/\/madelinefashion.pl\/sk\/wp-json\/wp\/v2\/types\/product"}],"wp:featuredmedia":[{"embeddable":true,"href":"https:\/\/madelinefashion.pl\/sk\/wp-json\/wp\/v2\/media\/91209"}],"wp:attachment":[{"href":"https:\/\/madelinefashion.pl\/sk\/wp-json\/wp\/v2\/media?parent=91288"}],"wp:term":[{"taxonomy":"product_brand","embeddable":true,"href":"https:\/\/madelinefashion.pl\/sk\/wp-json\/wp\/v2\/product_brand?post=91288"},{"taxonomy":"product_cat","embeddable":true,"href":"https:\/\/madelinefashion.pl\/sk\/wp-json\/wp\/v2\/product_cat?post=91288"},{"taxonomy":"product_tag","embeddable":true,"href":"https:\/\/madelinefashion.pl\/sk\/wp-json\/wp\/v2\/product_tag?post=91288"}],"curies":[{"name":"pracovn\u00fd list","href":"https:\/\/api.w.org\/{rel}","templated":true}]}}