{"id":91780,"date":"2023-06-02T13:54:39","date_gmt":"2023-06-02T11:54:39","guid":{"rendered":"https:\/\/madelinefashion.pl\/?post_type=product&#038;p=91780"},"modified":"2025-09-09T10:13:36","modified_gmt":"2025-09-09T08:13:36","slug":"sukienka-maxi-gladka-venice-biala","status":"publish","type":"product","link":"https:\/\/madelinefashion.pl\/sk\/sukienka-maxi-gladka-venice-biala\/","title":{"rendered":"Maxi \u0161aty hladk\u00e9 ben\u00e1tska biela"},"content":{"rendered":"<h3 style=\"text-align: center;\">Maxi \u0161aty hladk\u00e9 ben\u00e1tska biela<\/h3>\n<p style=\"text-align: center;\">\u0160aty <strong>Ben\u00e1tky<\/strong>\u00a0 vyroben\u00e9 z materi\u00e1lu pr\u00edjemn\u00e9ho na dotyk. Ide\u00e1lne ako na ka\u017ed\u00fd de\u0148, tak aj na udalosti. Dokonale sa prisp\u00f4sob\u00ed postave. Ide\u00e1lne do \u0161koly, pr\u00e1ce, na rande alebo na stretnutie s priate\u013emi! <strong>Ide\u00e1lne pre ka\u017ed\u00fa pr\u00edle\u017eitos\u0165 a \u010das! Neuverite\u013ene \u017eensk\u00e9, elegantn\u00e9 \u0161aty<\/strong> . \u0160aty v univerz\u00e1lnej ve\u013ekosti odpor\u00fa\u010dan\u00e9 od<strong> S a\u017e XL.<\/strong> Dostupn\u00e9 vo viacer\u00fdch farb\u00e1ch. \u0160aty maj\u00fa elastick\u00fd p\u00e1s a rozparok na nohavici. Dobre posl\u00fa\u017ei na dovolenk\u00e1ch, rande, pr\u00edle\u017eitostn\u00fdch stretnutiach s priate\u013emi, ako aj na svadb\u00e1ch a rodinn\u00fdch okolnostiach.<\/p>\n<h3 style=\"text-align: center;\">Rozmery:<\/h3>\n<ul style=\"text-align: center;\">\n<li style=\"text-align: center;\"><span style=\"font-size: 10pt;\">\u00a0\u00a0\u00a0\u00a0\u00a0\u00a0\u00a0 celkov\u00e1 predn\u00e1 d\u013a\u017eka: 136<\/span><span style=\"font-size: 10pt;\">\u00a0 cm<\/span><\/li>\n<li>celkov\u00e1 d\u013a\u017eka oblie\u010dky na vank\u00fa\u0161: 80<\/li>\n<li style=\"text-align: center;\"><span style=\"font-size: 10pt;\">\u00a0\u00a0\u00a0\u00a0\u00a0\u00a0\u00a0 \u0161\u00edrka od pazuchy po pazuchu: 35-60 cm<\/span><span style=\"font-size: 10pt;\"><br \/>\n<\/span><\/li>\n<li style=\"text-align: center;\"><span style=\"font-size: 10pt;\">\u00a0\u00a0\u00a0\u00a0\u00a0\u00a0\u00a0 \u0161\u00edrka p\u00e1sa: 29 - 57 cm<\/span><\/li>\n<\/ul>\n<p>&nbsp;<\/p>\n<p style=\"text-align: center;\"><span style=\"font-size: 10pt;\">Rozmery sa m\u00f4\u017eu mierne l\u00ed\u0161i\u0165 od uveden\u00fdch +\/- 2cm. V\u0161etky uveden\u00e9 rozmery s\u00fa meran\u00e9 plo\u0161ne.<\/span><\/p>\n<p style=\"text-align: center;\"><span style=\"font-size: 10pt;\">\u00a0<\/span><\/p>\n<table width=\"621\">\n<tbody>\n<tr>\n<td width=\"302\">Meno modela<\/td>\n<td width=\"302\">Ben\u00e1tske hladk\u00e9 Maxi \u0161aty<\/td>\n<\/tr>\n<tr>\n<td width=\"302\">Farba<\/td>\n<td width=\"302\">biely<\/td>\n<\/tr>\n<tr>\n<td width=\"302\">M\u00f3da<\/td>\n<td width=\"302\">nadrozmern\u00e9<\/td>\n<\/tr>\n<tr>\n<td width=\"302\">Materi\u00e1l<\/td>\n<td width=\"302\">95 % Polyester 5% Elastan<\/td>\n<\/tr>\n<tr>\n<td width=\"302\">D\u013a\u017eka<\/td>\n<td width=\"302\">Na zem<\/td>\n<\/tr>\n<\/tbody>\n<\/table>\n<p>&nbsp;<\/p>\n<p style=\"text-align: center;\">Model m\u00e1\u00a0<strong>169<\/strong>\u00a0cm vysok\u00fd, nos\u00ed ve\u013ekos\u0165 ka\u017ed\u00fd de\u0148\u00a0<strong>S<\/strong><\/p>\n<p style=\"text-align: center;\">\u0160\u00edrka cez prsia 92 cm<\/p>\n<p style=\"text-align: center;\">\u0160\u00edrka v p\u00e1se 62 cm<\/p>\n<p style=\"text-align: center;\">\u0160\u00edrka v bokoch 94 cm<\/p>","protected":false},"excerpt":{"rendered":"<p>Biele hladk\u00e9 maxi \u0161aty Venice. \u0160aty Venice s\u00fa vyroben\u00e9 z m\u00e4kk\u00e9ho, pr\u00edjemn\u00e9ho materi\u00e1lu. Ide\u00e1lne na ka\u017edodenn\u00e9 nosenie aj na ve\u010dierky. Perfektne sa prisp\u00f4sobia postave. Ide\u00e1lne do \u0161koly, do pr\u00e1ce, na rande alebo na stretnutie s priate\u013emi! Ide\u00e1lne na ak\u00fako\u013evek pr\u00edle\u017eitos\u0165! Neuverite\u013ene \u017eensk\u00e9, elegantn\u00e9 \u0161aty. Univerz\u00e1lna ve\u013ekos\u0165, odpor\u00fa\u010dan\u00e9 od<\/p>\n<div class=\"klb-readmore post-buttons\"><a class=\"button black outline size-sm\" href=\"https:\/\/madelinefashion.pl\/sk\/sukienka-maxi-gladka-venice-biala\/\">\u010c\u00edta\u0165 \u010falej <i class=\"klbth-icon-right-arrow\"><\/i><\/a><\/div>","protected":false},"featured_media":91589,"template":"","meta":[],"product_brand":[],"product_cat":[125],"product_tag":[219,163],"class_list":{"0":"post-91780","1":"product","2":"type-product","3":"status-publish","4":"has-post-thumbnail","6":"product_cat-sukienki","7":"product_tag-sukienka-biala","8":"product_tag-sukienki-dlugie","10":"first","11":"instock","12":"purchasable","13":"product-type-simple"},"_links":{"self":[{"href":"https:\/\/madelinefashion.pl\/sk\/wp-json\/wp\/v2\/product\/91780","targetHints":{"allow":["GET"]}}],"collection":[{"href":"https:\/\/madelinefashion.pl\/sk\/wp-json\/wp\/v2\/product"}],"about":[{"href":"https:\/\/madelinefashion.pl\/sk\/wp-json\/wp\/v2\/types\/product"}],"wp:featuredmedia":[{"embeddable":true,"href":"https:\/\/madelinefashion.pl\/sk\/wp-json\/wp\/v2\/media\/91589"}],"wp:attachment":[{"href":"https:\/\/madelinefashion.pl\/sk\/wp-json\/wp\/v2\/media?parent=91780"}],"wp:term":[{"taxonomy":"product_brand","embeddable":true,"href":"https:\/\/madelinefashion.pl\/sk\/wp-json\/wp\/v2\/product_brand?post=91780"},{"taxonomy":"product_cat","embeddable":true,"href":"https:\/\/madelinefashion.pl\/sk\/wp-json\/wp\/v2\/product_cat?post=91780"},{"taxonomy":"product_tag","embeddable":true,"href":"https:\/\/madelinefashion.pl\/sk\/wp-json\/wp\/v2\/product_tag?post=91780"}],"curies":[{"name":"pracovn\u00fd list","href":"https:\/\/api.w.org\/{rel}","templated":true}]}}