{"id":92343,"date":"2023-06-07T13:51:15","date_gmt":"2023-06-07T11:51:15","guid":{"rendered":"https:\/\/madelinefashion.pl\/?post_type=product&#038;p=92343"},"modified":"2025-09-09T10:13:20","modified_gmt":"2025-09-09T08:13:20","slug":"sukienka-brokatowa-dluga-iladia-na-ramiaczkach-lawenda-ze-srebrem","status":"publish","type":"product","link":"https:\/\/madelinefashion.pl\/sk\/sukienka-brokatowa-dluga-iladia-na-ramiaczkach-lawenda-ze-srebrem\/","title":{"rendered":"Dlh\u00e9 brok\u00e1tov\u00e9 \u0161aty Iladia na ramienka levandu\u013ea so striebrom"},"content":{"rendered":"<h3 style=\"text-align: center;\">Dlh\u00e9 brok\u00e1tov\u00e9 \u0161aty Iladia na ramienka levandu\u013ea so striebrom<\/h3>\n<p style=\"text-align: center;\"><strong>Fenomen\u00e1lne dlh\u00e9 brok\u00e1tov\u00e9 \u0161aty s rozparkom.<\/strong>\u00a0 Skvel\u00e9 brok\u00e1tov\u00e9 spolo\u010densk\u00e9 \u0161aty s v\u00fdstrihom do V - V kr\u00e1sne odha\u013euje poprsie. Spolo\u010densk\u00e9 \u0161aty ve\u013emi pekne padn\u00fa na postavu. <strong><span style=\"vertical-align: inherit;\">Brok\u00e1tov\u00e9 \u0161aty s hrub\u00fdmi ramienkami.<\/span><\/strong><span style=\"vertical-align: inherit;\"> \u00a0<\/span>\u00a0<strong>H\u013ead\u00e1te dokonal\u00e9 \u0161aty na svadbu, Silvestra, karneval \u010di ples<\/strong>? Tento model bude perfektne fungova\u0165. Trblietav\u00e9 \u0161aty -<strong>\u00a0je to n\u00e1dhern\u00e9 a vyzer\u00e1 to jednoducho \u00fa\u017easne<\/strong> !! Brok\u00e1tov\u00e9 \u0161aty s\u00fa v\u00fdnimo\u010dne elegantn\u00e9 a vyzeraj\u00fa ako v\u00fdtvory filmov\u00fdch hviezd. Zozn\u00e1mte sa s na\u0161ou ponukou <a href=\"https:\/\/madelinefashion.pl\/sk\/sukienki-i-kombinezony\/sukienki-okolicznosciowe\/\"><strong>ve\u010dern\u00e9 \u0161aty<\/strong><\/a>\u00a0a vyberte si model, v ktorom budete\u00a0<strong>vyzera\u0165 ako hviezda<\/strong>\u00a0a budete vy\u010dnieva\u0165 z davu. Maxi \u0161aty sa vo svetle l\u00e1mp rozpr\u00e1vkovo trblietaj\u00fa. Nem\u00f4\u017eete by\u0165 k tomu \u013eahostajn\u00ed. Maxi \u0161aty a\u017e po zem, roz\u0161\u00edren\u00e9, vypasovan\u00e9 a s hlbok\u00fdm v\u00fdstrihom.\u00a0<strong>Efekt dop\u013a\u0148a ve\u013ek\u00fd strih odha\u013euj\u00faci nohu.\u00a0<\/strong>Dostupn\u00e9 vo ve\u013ekostiach 34 36 38 40 42 . Ak sa neviete rozhodn\u00fa\u0165 ak\u00fa farbu,\u00a0<strong>ve\u013ekos\u0165<\/strong>\u00a0je pre v\u00e1s to najlep\u0161ie\u00a0<strong>kontaktuj n\u00e1s<\/strong>\u00a0cez\u00a0<a href=\"https:\/\/www.facebook.com\/madelinefashionbutik\" target=\"_blank\" rel=\"noopener\">Facebook<\/a>\u00a0alebo\u00a0<a href=\"https:\/\/madelinefashion.pl\/sk\/kontakt\/\">telef\u00f3n<\/a>. Ak ve\u013ekos\u0165 nie je na str\u00e1nke, kontaktujte n\u00e1s.<\/p>\n<h3 style=\"text-align: center;\">ROZMERY \u0161iat:<\/h3>\n<p style=\"text-align: center;\"><img fetchpriority=\"high\" decoding=\"async\" class=\"alignnone size-medium wp-image-16801\" src=\"https:\/\/madelinefashion.pl\/wp-content\/uploads\/2021\/08\/wymiary-suknia-300x194.png\" alt=\"\" width=\"300\" height=\"194\" title=\"\"><\/p>\n<table class=\"table\" width=\"684\">\n<tbody>\n<tr>\n<td>VE\u013dKOS\u0164<\/td>\n<td>34<\/td>\n<td>36<\/td>\n<td>38<\/td>\n<\/tr>\n<tr>\n<td>poprsia<\/td>\n<td>84-86<\/td>\n<td>88-90<\/td>\n<td>92-94<\/td>\n<\/tr>\n<tr>\n<td>P\u00e1s<\/td>\n<td>64<\/td>\n<td>68<\/td>\n<td>72<\/td>\n<\/tr>\n<tr>\n<td>Boky<\/td>\n<td>\u00a0ak\u00fdko\u013evek<\/td>\n<td>\u00a0ak\u00fdko\u013evek<\/td>\n<td>\u00a0ak\u00fdko\u013evek<\/td>\n<\/tr>\n<\/tbody>\n<\/table>\n<p>&nbsp;<\/p>\n<p>&nbsp;<\/p>\n<table class=\"table\" width=\"688\">\n<tbody>\n<tr>\n<td>VE\u013dKOS\u0164<\/td>\n<td>40<\/td>\n<td>42<\/td>\n<td><\/td>\n<\/tr>\n<tr>\n<td>poprsia<\/td>\n<td>96-98<\/td>\n<td>100-102<\/td>\n<td><\/td>\n<\/tr>\n<tr>\n<td>P\u00e1s<\/td>\n<td>76<\/td>\n<td>80<\/td>\n<td><\/td>\n<\/tr>\n<tr>\n<td>Boky<\/td>\n<td>ak\u00fdko\u013evek<\/td>\n<td>ak\u00fdko\u013evek<\/td>\n<\/tr>\n<\/tbody>\n<\/table>\n<p>&nbsp;<\/p>\n<p style=\"text-align: center;\">\u00a0 celkov\u00e1 d\u013a\u017eka cca 158 cm<\/p>\n<p style=\"text-align: center;\">\u0160aty s\u00fa dostupn\u00e9 aj v in\u00fdch farb\u00e1ch - odpor\u00fa\u010dame v\u00e1m zozn\u00e1mi\u0165 sa s na\u0161imi \u010fal\u0161\u00edmi produktmi.<\/p>\n<p style=\"text-align: center;\">Rozmery sa m\u00f4\u017eu mierne l\u00ed\u0161i\u0165 od uveden\u00fdch +\/- 2cm.<\/p>\n<p style=\"text-align: center;\"><strong>\u00a0<\/strong><\/p>\n<p>&nbsp;<\/p>\n<table>\n<tbody>\n<tr>\n<td width=\"302\">Meno modela<\/td>\n<td width=\"302\">Iladia dlh\u00e9 brok\u00e1tov\u00e9 \u0161aty na ramienka<\/td>\n<\/tr>\n<tr>\n<td width=\"302\">Farba<\/td>\n<td width=\"302\">Levandu\u013ea so striebrom<\/td>\n<\/tr>\n<tr>\n<td width=\"302\">\u0160tiepenie<\/td>\n<td width=\"302\">\u201eV\u201d<\/td>\n<\/tr>\n<tr>\n<td width=\"302\">ve\u013ekosti<\/td>\n<td width=\"302\">34 36 38 40 42<\/td>\n<\/tr>\n<tr>\n<td width=\"302\">M\u00f3da<\/td>\n<td width=\"302\">Zhoda<\/td>\n<\/tr>\n<tr>\n<td width=\"302\">Materi\u00e1l<\/td>\n<td width=\"302\">Visk\u00f3za, polyester, bavlna<\/td>\n<\/tr>\n<tr>\n<td width=\"302\">D\u013a\u017eka<\/td>\n<td width=\"302\">Na zem<\/td>\n<\/tr>\n<\/tbody>\n<\/table>\n<p>&nbsp;<\/p>\n<p style=\"text-align: center;\">Aby ste si vybrali\u00a0<strong>perfektn\u00e9 \u0161aty<\/strong>\u00a0kontaktujte n\u00e1s telefonicky alebo prostredn\u00edctvom na\u0161ej webovej str\u00e1nky <a href=\"https:\/\/www.facebook.com\/madelinefashionbutik\" target=\"_blank\" rel=\"noopener\">Facebook<\/a> .<br \/>\nN\u00e1\u0161 t\u00edm v\u00e1m pom\u00f4\u017ee\u00a0<strong>Vyberte si ten spr\u00e1vny<\/strong>\u00a0.\u00a0<strong>Na \u017eelanie kupuj\u00faceho vyrob\u00edme ak\u00e9ko\u013evek \u0161aty\u00a0<\/strong><strong>opatrne mera\u0165.\u00a0<\/strong><\/p>\n<div class=\"additional-details\">\n<p style=\"text-align: center;\">\n<\/div>","protected":false},"excerpt":{"rendered":"<p>Sukienka Brokatowa D\u0142uga Iladia Na Rami\u0105czkach Lawenda Ze Srebrem Fenomenalna d\u0142uga suknia brokatowa z rozci\u0119ciem.\u00a0 Wspania\u0142a suknia wieczorowa brokatowa z dekoltem w szpic \u2013 V pi\u0119knie eksponuje biust.\u00a0 Suknia wieczorowa bardzo \u0142adnie dopasowuje si\u0119 do sylwetki. Sukienka Brokatowa na grubych rami\u0105czkach rami\u0105czkach. \u00a0\u00a0Szukasz doskona\u0142ej sukni na wesele, sylwestra, karnawa\u0142 czy studni\u00f3wk\u0119? Ten model sprawdzi si\u0119<\/p>\n<div class=\"klb-readmore post-buttons\"><a class=\"button black outline size-sm\" href=\"https:\/\/madelinefashion.pl\/sk\/sukienka-brokatowa-dluga-iladia-na-ramiaczkach-lawenda-ze-srebrem\/\">\u010c\u00edta\u0165 \u010falej <i class=\"klbth-icon-right-arrow\"><\/i><\/a><\/div>","protected":false},"featured_media":103016,"template":"","meta":[],"product_brand":[],"product_cat":[124,560],"product_tag":[163],"class_list":{"0":"post-92343","1":"product","2":"type-product","3":"status-publish","4":"has-post-thumbnail","6":"product_cat-sukienki-okolicznosciowe","7":"product_cat-sukienki-brokatowe","8":"product_tag-sukienki-dlugie","10":"first","11":"instock","12":"product-type-variable"},"_links":{"self":[{"href":"https:\/\/madelinefashion.pl\/sk\/wp-json\/wp\/v2\/product\/92343","targetHints":{"allow":["GET"]}}],"collection":[{"href":"https:\/\/madelinefashion.pl\/sk\/wp-json\/wp\/v2\/product"}],"about":[{"href":"https:\/\/madelinefashion.pl\/sk\/wp-json\/wp\/v2\/types\/product"}],"wp:featuredmedia":[{"embeddable":true,"href":"https:\/\/madelinefashion.pl\/sk\/wp-json\/wp\/v2\/media\/103016"}],"wp:attachment":[{"href":"https:\/\/madelinefashion.pl\/sk\/wp-json\/wp\/v2\/media?parent=92343"}],"wp:term":[{"taxonomy":"product_brand","embeddable":true,"href":"https:\/\/madelinefashion.pl\/sk\/wp-json\/wp\/v2\/product_brand?post=92343"},{"taxonomy":"product_cat","embeddable":true,"href":"https:\/\/madelinefashion.pl\/sk\/wp-json\/wp\/v2\/product_cat?post=92343"},{"taxonomy":"product_tag","embeddable":true,"href":"https:\/\/madelinefashion.pl\/sk\/wp-json\/wp\/v2\/product_tag?post=92343"}],"curies":[{"name":"pracovn\u00fd list","href":"https:\/\/api.w.org\/{rel}","templated":true}]}}