{"id":94192,"date":"2023-06-23T10:19:49","date_gmt":"2023-06-23T08:19:49","guid":{"rendered":"https:\/\/madelinefashion.pl\/?post_type=product&#038;p=94192"},"modified":"2026-03-12T17:48:35","modified_gmt":"2026-03-12T16:48:35","slug":"biustonosz-samoprzylepny-cielisty-push-up","status":"publish","type":"product","link":"https:\/\/madelinefashion.pl\/sk\/biustonosz-samoprzylepny-cielisty-push-up\/","title":{"rendered":"Nah\u00e1 pri\u013enav\u00e1 podprsenka PUSH UP"},"content":{"rendered":"<h3 style=\"text-align: center;\">Nah\u00e1 pri\u013enav\u00e1 podprsenka PUSH UP<\/h3>\n<p style=\"text-align: center;\">Biustonosz w postaci samoprzylepnych miseczek bez rami\u0105czek i ty\u0142u, dzi\u0119ki czemu jest doskona\u0142y pod ubrania z odkrytymi ramionami lub plecami. Wi\u0105zanie z przodu. Nadaje si\u0119 do ponownego u\u017cytku. <strong>Produkt nie podlega zwrotowi.<\/strong><\/p>\n<p>DOST\u0118PNY W ROZMAIRACH A B C D<\/p>\n<ul>\n<li style=\"text-align: center;\">Samono\u015bny biustonosz z profilowanymi miseczkach<\/li>\n<li style=\"text-align: center;\">Dzi\u0119ki warstwie silikonowego kleju utrzymuj\u0119 si\u0119 na piersiach<\/li>\n<li style=\"text-align: center;\">Za pomoc\u0105 sznureczk\u00f3w pomi\u0119dzy miseczkami mo\u017cemy zebra\u0107 biust tworz\u0105c pi\u0119kny, pe\u0142ny dekolt<\/li>\n<li style=\"text-align: center;\">Idealnie sprawdza si\u0119 przy stylizacjach z odkrytymi plecami lub ramionami<\/li>\n<li style=\"text-align: center;\">Produkt jest przystosowany do wielokrotnego u\u017cytku<\/li>\n<li style=\"text-align: center;\">Po u\u017cytkowaniu nale\u017cy jedynie delikatnie umy\u0107 warstw\u0119 silikonu wod\u0105, a nast\u0119pnie pozostawi\u0107 do wyschni\u0119cia wewn\u0119trzn\u0105 stron\u0105 miseczek ku g\u00f3rze<\/li>\n<li style=\"text-align: center;\">Kolor: cielisty<\/li>\n<li style=\"text-align: center;\">Materia\u0142: poliester, silikon<\/li>\n<\/ul>\n<p style=\"text-align: center;\">","protected":false},"excerpt":{"rendered":"<p>Biustonosz Samoprzylepny Cielisty PUSH UP Biustonosz w postaci samoprzylepnych miseczek bez rami\u0105czek i ty\u0142u, dzi\u0119ki czemu jest doskona\u0142y pod ubrania z odkrytymi ramionami lub plecami. Wi\u0105zanie z przodu. Nadaje si\u0119 do ponownego u\u017cytku. Produkt nie podlega zwrotowi. DOST\u0118PNY W ROZMAIRACH A B C D Samono\u015bny biustonosz z profilowanymi miseczkach Dzi\u0119ki warstwie silikonowego kleju utrzymuj\u0119 si\u0119<\/p>\n<div class=\"klb-readmore post-buttons\"><a class=\"button black outline size-sm\" href=\"https:\/\/madelinefashion.pl\/sk\/biustonosz-samoprzylepny-cielisty-push-up\/\">\u010c\u00edta\u0165 \u010falej <i class=\"klbth-icon-right-arrow\"><\/i><\/a><\/div>","protected":false},"featured_media":94232,"template":"","meta":[],"product_brand":[],"product_cat":[113,395],"product_tag":[],"class_list":{"0":"post-94192","1":"product","2":"type-product","3":"status-publish","4":"has-post-thumbnail","6":"product_cat-dodatki","7":"product_cat-nowosci","8":"pa_rozmiar-a","9":"pa_rozmiar-b","10":"pa_rozmiar-c","11":"pa_rozmiar-d","13":"first","14":"instock","15":"sale","16":"purchasable","17":"product-type-variable"},"_links":{"self":[{"href":"https:\/\/madelinefashion.pl\/sk\/wp-json\/wp\/v2\/product\/94192","targetHints":{"allow":["GET"]}}],"collection":[{"href":"https:\/\/madelinefashion.pl\/sk\/wp-json\/wp\/v2\/product"}],"about":[{"href":"https:\/\/madelinefashion.pl\/sk\/wp-json\/wp\/v2\/types\/product"}],"wp:featuredmedia":[{"embeddable":true,"href":"https:\/\/madelinefashion.pl\/sk\/wp-json\/wp\/v2\/media\/94232"}],"wp:attachment":[{"href":"https:\/\/madelinefashion.pl\/sk\/wp-json\/wp\/v2\/media?parent=94192"}],"wp:term":[{"taxonomy":"product_brand","embeddable":true,"href":"https:\/\/madelinefashion.pl\/sk\/wp-json\/wp\/v2\/product_brand?post=94192"},{"taxonomy":"product_cat","embeddable":true,"href":"https:\/\/madelinefashion.pl\/sk\/wp-json\/wp\/v2\/product_cat?post=94192"},{"taxonomy":"product_tag","embeddable":true,"href":"https:\/\/madelinefashion.pl\/sk\/wp-json\/wp\/v2\/product_tag?post=94192"}],"curies":[{"name":"pracovn\u00fd list","href":"https:\/\/api.w.org\/{rel}","templated":true}]}}