{"id":95426,"date":"2023-07-03T13:34:54","date_gmt":"2023-07-03T11:34:54","guid":{"rendered":"https:\/\/madelinefashion.pl\/?post_type=product&#038;p=95426"},"modified":"2026-01-20T10:33:23","modified_gmt":"2026-01-20T09:33:23","slug":"t-shirt-czarny-brunette","status":"publish","type":"product","link":"https:\/\/madelinefashion.pl\/sk\/t-shirt-czarny-brunette\/","title":{"rendered":"\u010cierne tri\u010dko Brunette"},"content":{"rendered":"<h3 style=\"text-align: center;\">\u010cierne tri\u010dko Brunette<\/h3>\n<p style=\"text-align: center;\"><strong>tri\u010dko\u00a0 <\/strong>je to model, ktor\u00fd sa hod\u00ed k v\u00e4\u010d\u0161ine \u0161t\u00fdlov - v\u010faka jednoduch\u00e9mu vzoru. <strong>Pr\u00edjemn\u00fd na dotyk, priedu\u0161n\u00fd materi\u00e1l<\/strong> v\u00e1m poskytne pohodlie pri nosen\u00ed. Jednoduch\u00e9 univerz\u00e1lne tri\u010dko si m\u00f4\u017eete obliec\u0165 <strong>cel\u00fd rok<\/strong>bez oh\u013eadu na sez\u00f3nu. <strong>Tri\u010dko klasick\u00e9ho strihu so zauj\u00edmavou aplik\u00e1ciou je skvel\u00fdm doplnkom \u0161atn\u00edka ka\u017edej \u017eeny.<\/strong> Bude perfektn\u00fd ako z\u00e1klad pre mnoho ka\u017edodenn\u00fdch stylingov, bude vyzera\u0165 fantasticky s ak\u00fdmko\u013evek typom nohav\u00edc, nohav\u00edc alebo sukn\u00ed. Spojte ho s <a href=\"https:\/\/madelinefashion.pl\/sk\/kurtka-jeansowa-seven\/\">d\u017e\u00ednsy s katanou<\/a> a sp\u00e1rovan\u00e9 <a href=\"https:\/\/madelinefashion.pl\/sk\/spodnie\/\">nohavice<\/a>. Klasick\u00e9 tri\u010dko by malo <strong>n\u00e1js\u0165 miesto v \u0161atn\u00edku ka\u017edej \u017eeny<\/strong>. Tento model bude dokonal\u00fdm z\u00e1kladom pre vytvorenie nekone\u010dn\u00e9ho mno\u017estva \u0161tyliz\u00e1ci\u00ed. O\u010daruj\u00faca potla\u010d je ladn\u00fdm akcentom. Dostupn\u00e9 v na\u0161om <a href=\"https:\/\/madelinefashion.pl\/sk\/casual-clothes\/t-shirty\/\">e-shop<\/a> v r\u00f4znych farebn\u00fdch variantoch. ve\u013ekos\u0165 je<strong> univerz\u00e1lne odpor\u00fa\u010dan\u00e9 od S po L\u00a0<\/strong><\/p>\n<h3 style=\"text-align: center;\">Rozmery :<\/h3>\n<ul>\n<li style=\"text-align: center;\">\u00a0\u00a0\u00a0\u00a0\u00a0\u00a0\u00a0 Celkov\u00e1 d\u013a\u017eka: 60 cm<\/li>\n<li style=\"text-align: center;\">\u00a0 \u00a0 \u00a0 \u00a0 \u0160\u00edrka od pazuchy po pazuchu: 49 cm - 57 cm<\/li>\n<li style=\"text-align: center;\">D\u013a\u017eka ruk\u00e1va od ramena: 14 cm<br \/>\nD\u013a\u017eka ruk\u00e1va od podpazu\u0161ia: 4 cm<\/li>\n<\/ul>\n<p style=\"text-align: center;\">Rozmery sa m\u00f4\u017eu mierne l\u00ed\u0161i\u0165 od uveden\u00fdch +\/- 2cm. V\u0161etky uveden\u00e9 rozmery s\u00fa meran\u00e9 plo\u0161ne.<\/p>\n<table>\n<tbody>\n<tr>\n<td width=\"302\">Meno modela<\/td>\n<td width=\"302\">Brunetka tri\u010dko<\/td>\n<\/tr>\n<tr>\n<td width=\"302\">Farba<\/td>\n<td width=\"302\">\u010dierna<\/td>\n<\/tr>\n<tr>\n<td width=\"302\">ve\u013ekosti<\/td>\n<td width=\"302\">Univerz\u00e1lny<\/td>\n<\/tr>\n<tr>\n<td width=\"302\">M\u00f3da<\/td>\n<td width=\"302\">nadrozmern\u00e9<\/td>\n<\/tr>\n<tr>\n<td width=\"302\">Materi\u00e1l<\/td>\n<td width=\"302\">100 % bavlna<\/td>\n<\/tr>\n<\/tbody>\n<\/table>\n<p style=\"text-align: center;\"><span style=\"font-size: 10pt;\">\u00a0<\/span><\/p>\n<div class=\"tabs tabs-bb clear mb-80\">\n<div class=\"tab-content\">\n<div id=\"tab-description\" class=\"tab-pane fade in woocommerce-Tabs-panel--description active\">\n<p style=\"text-align: center;\">Model m\u00e1\u00a0<strong>169<\/strong>\u00a0cm vysok\u00fd, nos\u00ed ve\u013ekos\u0165 ka\u017ed\u00fd de\u0148\u00a0<strong>S<\/strong><\/p>\n<p style=\"text-align: center;\">\u0160\u00edrka cez prsia 92 cm<\/p>\n<p style=\"text-align: center;\">\u0160\u00edrka v p\u00e1se 62 cm<\/p>\n<p style=\"text-align: center;\">\u0160\u00edrka v bokoch 94 cm<\/p>\n<p>&nbsp;<\/p>\n<\/div>\n<\/div>\n<\/div>\n<section class=\"up-sells upsells products mb-80\"><\/section>","protected":false},"excerpt":{"rendered":"<p>T-shirt Czarny Brunette T-shirt\u00a0 to model kt\u00f3ry b\u0119dzie pasowa\u0142 do wi\u0119kszo\u015bci stylizacji\u2013 ze wzgl\u0119du na prosty wz\u00f3r. Przyjemny w dotyku, oddychaj\u0105cy materia\u0142 zapewni Ci komfort noszenia. Prosty, uniwersalny T-shirt mo\u017cesz nosi\u0107 przez ca\u0142y rok, niezale\u017cnie od pory roku. T-shirt o klasycznym kroju z ciekaw\u0105 aplikacj\u0105\u00a0 to propozycja, kt\u00f3ra stanowi \u015bwietne uzupe\u0142nienie garderoby ka\u017cdej kobiety. Idealnie<\/p>\n<div class=\"klb-readmore post-buttons\"><a class=\"button black outline size-sm\" href=\"https:\/\/madelinefashion.pl\/sk\/t-shirt-czarny-brunette\/\">\u010c\u00edta\u0165 \u010falej <i class=\"klbth-icon-right-arrow\"><\/i><\/a><\/div>","protected":false},"featured_media":95417,"template":"","meta":[],"product_brand":[],"product_cat":[85,87,395],"product_tag":[479,252],"class_list":{"0":"post-95426","1":"product","2":"type-product","3":"status-publish","4":"has-post-thumbnail","6":"product_cat-t-shirty","7":"product_cat-bluzki-2","8":"product_cat-nowosci","9":"product_tag-bluzki-z-krotkim-rekawem","10":"product_tag-bluzka-czarna","11":"pa_rozmiar-s-m","12":"pa_rozmiar-l-xl","14":"first","15":"instock","16":"sale","17":"purchasable","18":"product-type-simple"},"_links":{"self":[{"href":"https:\/\/madelinefashion.pl\/sk\/wp-json\/wp\/v2\/product\/95426","targetHints":{"allow":["GET"]}}],"collection":[{"href":"https:\/\/madelinefashion.pl\/sk\/wp-json\/wp\/v2\/product"}],"about":[{"href":"https:\/\/madelinefashion.pl\/sk\/wp-json\/wp\/v2\/types\/product"}],"wp:featuredmedia":[{"embeddable":true,"href":"https:\/\/madelinefashion.pl\/sk\/wp-json\/wp\/v2\/media\/95417"}],"wp:attachment":[{"href":"https:\/\/madelinefashion.pl\/sk\/wp-json\/wp\/v2\/media?parent=95426"}],"wp:term":[{"taxonomy":"product_brand","embeddable":true,"href":"https:\/\/madelinefashion.pl\/sk\/wp-json\/wp\/v2\/product_brand?post=95426"},{"taxonomy":"product_cat","embeddable":true,"href":"https:\/\/madelinefashion.pl\/sk\/wp-json\/wp\/v2\/product_cat?post=95426"},{"taxonomy":"product_tag","embeddable":true,"href":"https:\/\/madelinefashion.pl\/sk\/wp-json\/wp\/v2\/product_tag?post=95426"}],"curies":[{"name":"pracovn\u00fd list","href":"https:\/\/api.w.org\/{rel}","templated":true}]}}