{"id":96126,"date":"2023-07-10T15:04:28","date_gmt":"2023-07-10T13:04:28","guid":{"rendered":"https:\/\/madelinefashion.pl\/?post_type=product&#038;p=96126"},"modified":"2026-03-19T17:42:12","modified_gmt":"2026-03-19T16:42:12","slug":"sukienka-dagna-maxi-sliwkowa","status":"publish","type":"product","link":"https:\/\/madelinefashion.pl\/sk\/sukienka-dagna-maxi-sliwkowa\/","title":{"rendered":"Dagna Maxi slivkov\u00e9 \u0161aty"},"content":{"rendered":"<h3 style=\"text-align: center;\">Dagna Maxi slivkov\u00e9 \u0161aty<\/h3>\n<p style=\"text-align: center;\">Kr\u00e1sne dlh\u00e9 <strong>ve\u010dern\u00e1 r\u00f3ba<\/strong>\u00a0zo vzdu\u0161n\u00e9ho materi\u00e1lu s \u010dipkovan\u00fdm topom zdoben\u00fdm n\u00e1dhernou v\u00fd\u0161ivkou a ozdobami v podobe trblietav\u00fdch kry\u0161t\u00e1lov. Kr\u00e1sne odha\u013euje \u017eensk\u00e9 tvary - spodn\u00e1 \u010das\u0165 \u0161iat je cel\u00e1 zo spl\u00fdvav\u00e9ho materi\u00e1lu. \u0160aty maj\u00fa v\u00fdstrih do V. V p\u00e1se s\u00fa z\u00fa\u017een\u00e9\u00a0<strong>dokonale zv\u00fdraz\u0148uje p\u00e1s<\/strong>. \u0160aty maj\u00fa vpredu v\u0161it\u00e9 ko\u0161\u00ed\u010dky, tak\u017ee nemus\u00edte nosi\u0165 podprsenku. Vyroben\u00e9 a \u0161it\u00e9 v Po\u013esku. Maxi \u0161aty s\u00fa ide\u00e1lnou ponukou na svadobn\u00fa hostinu, svadbu a in\u00e9 \u0161peci\u00e1lne udalosti. V\u00fdtvor spln\u00ed svoju \u00falohu v 100% - pritiahne poh\u013eady host\u00ed a prid\u00e1 <strong>v\u00fdnimo\u010dn\u00e9 sebavedomie<\/strong>.<br \/>\nDostupn\u00e9 vo ve\u013ekostiach 42, 44, 46, 48, 50. Dostupn\u00e9 v na\u0161om e-shope, tak nev\u00e1hajte a vyberte si t\u00fa, ktor\u00e1 je pre v\u00e1s ako stvoren\u00e1. Ak sa neviete rozhodn\u00fa\u0165 ak\u00fa farbu, <strong>ve\u013ekos\u0165<\/strong>\u00a0je pre v\u00e1s to najlep\u0161ie\u00a0<strong>kontaktuj n\u00e1s<\/strong>\u00a0cez\u00a0<a href=\"https:\/\/www.facebook.com\/madelinefashionbutik\" target=\"_blank\" rel=\"noopener\">Facebook<\/a>\u00a0alebo\u00a0<a href=\"https:\/\/madelinefashion.pl\/sk\/kontakt\/\">telef\u00f3n<\/a>. Ak ve\u013ekos\u0165 nie je na str\u00e1nke, kontaktujte n\u00e1s.<\/p>\n<h3 style=\"text-align: center;\">ROZMERY \u0161iat:<\/h3>\n<table width=\"556\">\n<tbody>\n<tr>\n<td><strong>VE\u013dKOS\u0164<\/strong><\/td>\n<td><strong>poprsia<\/strong><\/td>\n<td><strong>P\u00e1s<\/strong><\/td>\n<td><strong>Boky<\/strong><\/td>\n<\/tr>\n<tr>\n<td><strong>40<\/strong><\/td>\n<td>100-102<\/td>\n<td>88<\/td>\n<td>\u00a0ak\u00fdko\u013evek<\/td>\n<\/tr>\n<tr>\n<td><strong>42<\/strong><\/td>\n<td>104-106<\/td>\n<td>92<\/td>\n<td>\u00a0ak\u00fdko\u013evek<\/td>\n<\/tr>\n<tr>\n<td><strong>44<\/strong><\/td>\n<td>108-110<\/td>\n<td>96<\/td>\n<td>\u00a0ak\u00fdko\u013evek<\/td>\n<\/tr>\n<tr>\n<td><strong>46<\/strong><\/td>\n<td>110-114<\/td>\n<td>100<\/td>\n<td>\u00a0ak\u00fdko\u013evek<\/td>\n<\/tr>\n<tr>\n<td><strong>48<\/strong><\/td>\n<td>114-118<\/td>\n<td>106<\/td>\n<td>\u00a0ak\u00fdko\u013evek<\/td>\n<\/tr>\n<tr>\n<td><strong>50<\/strong><\/td>\n<td>118-120<\/td>\n<td>110<\/td>\n<td>\u00a0ak\u00fdko\u013evek<\/td>\n<\/tr>\n<\/tbody>\n<\/table>\n<p style=\"text-align: center;\"><span style=\"font-size: 10pt;\">\u00a0 <\/span><\/p>\n<p style=\"text-align: center;\"><span style=\"font-size: 10pt;\">celkov\u00e1 d\u013a\u017eka cca 157 cm\u00a0\u00a0<\/span><\/p>\n<p style=\"text-align: center;\"><span style=\"font-size: 10pt;\">\u0160aty s\u00fa dostupn\u00e9 aj v in\u00fdch farb\u00e1ch - odpor\u00fa\u010dame v\u00e1m zozn\u00e1mi\u0165 sa s na\u0161imi \u010fal\u0161\u00edmi produktmi.\u00a0<\/span><\/p>\n<p style=\"text-align: center;\"><span style=\"font-size: 10pt;\">Rozmery sa m\u00f4\u017eu mierne l\u00ed\u0161i\u0165 od uveden\u00fdch +\/- 2cm.\u00a0<\/span><\/p>\n<p style=\"text-align: center;\"><span style=\"font-size: 10pt;\"><strong>\u00a0<\/strong>\u00a0<\/span><\/p>\n<table width=\"616\">\n<tbody>\n<tr>\n<td width=\"302\">Meno modela<\/td>\n<td width=\"302\">Svadobn\u00e9 \u0161aty Dagna Maxi<\/td>\n<\/tr>\n<tr>\n<td width=\"302\">Farba<\/td>\n<td width=\"302\">Slivka<\/td>\n<\/tr>\n<tr>\n<td width=\"302\">Marka<\/td>\n<td width=\"302\">Madeline Fashion<\/td>\n<\/tr>\n<tr>\n<td width=\"302\">ve\u013ekosti<\/td>\n<td width=\"302\">\u00a040 42 44 46 48 50<\/td>\n<\/tr>\n<tr>\n<td width=\"302\">M\u00f3da<\/td>\n<td width=\"302\">Zhoda<\/td>\n<\/tr>\n<tr>\n<td width=\"302\">Materi\u00e1l<\/td>\n<td width=\"302\">Visk\u00f3za, polyester, bavlna<\/td>\n<\/tr>\n<tr>\n<td width=\"302\">D\u013a\u017eka<\/td>\n<td width=\"302\">Na zem<\/td>\n<\/tr>\n<\/tbody>\n<\/table>\n<p style=\"text-align: center;\"><span style=\"font-size: 10pt;\">\u00a0<\/span><\/p>\n<p>&nbsp;<\/p>\n<p style=\"text-align: center;\"><span style=\"font-size: 10pt;\">Aby ste si vybrali\u00a0<strong>perfektn\u00e9 \u0161aty<\/strong>\u00a0kontaktujte n\u00e1s telefonicky alebo prostredn\u00edctvom na\u0161ej webovej str\u00e1nky <a href=\"https:\/\/www.facebook.com\/madelinefashionbutik\" target=\"_blank\" rel=\"noopener\">Facebook<\/a> .<\/span><br \/>\n<span style=\"font-size: 10pt;\">N\u00e1\u0161 t\u00edm v\u00e1m pom\u00f4\u017ee\u00a0<strong>Vyberte si ten spr\u00e1vny<\/strong>\u00a0.\u00a0<strong>Na \u017eelanie kupuj\u00faceho vyrob\u00edme ak\u00e9ko\u013evek \u0161aty\u00a0<\/strong><strong>opatrne mera\u0165.\u00a0<\/strong><\/span><\/p>\n<div class=\"additional-details\">\n<p style=\"text-align: center;\"><span style=\"font-size: 10pt;\">\u00a0<\/span><\/p>\n<\/div>","protected":false},"excerpt":{"rendered":"<p>Sukienka Dagna Maxi \u015aliwkowa Pi\u0119kna d\u0142uga suknia wieczorowa\u00a0ze zwiewnego materia\u0142u z koronkow\u0105 g\u00f3r\u0105 zdobion\u0105 cudownymi haftami oraz zdobieniami w postaci mieni\u0105cych si\u0119 kryszta\u0142k\u00f3w. Pi\u0119knie eksponuje kobiece kszta\u0142ty- d\u00f3\u0142 sukienki wykonany w ca\u0142o\u015bci z lej\u0105cego si\u0119 materia\u0142u. \u00a0Sukienka posiada dekolt w styl litery V.\u00a0 zw\u0119\u017cana na wysoko\u015bci pasa\u00a0wspaniale podkre\u015bla tali\u0119.\u00a0\u00a0Sukienka posiada z przodu wszyte miseczki, dzi\u0119ki<\/p>\n<div class=\"klb-readmore post-buttons\"><a class=\"button black outline size-sm\" href=\"https:\/\/madelinefashion.pl\/sk\/sukienka-dagna-maxi-sliwkowa\/\">\u010c\u00edta\u0165 \u010falej <i class=\"klbth-icon-right-arrow\"><\/i><\/a><\/div>","protected":false},"featured_media":96133,"template":"","meta":[],"product_brand":[],"product_cat":[124,395,564,568],"product_tag":[626,257,385,163],"class_list":{"0":"post-96126","1":"product","2":"type-product","3":"status-publish","4":"has-post-thumbnail","6":"product_cat-sukienki-okolicznosciowe","7":"product_cat-nowosci","8":"product_cat-sukienki-plus-size","9":"product_cat-sukienki-rozkloszowane-szyfonowe","10":"product_tag-fioletowe-sukienki","11":"product_tag-madelinefashion","12":"product_tag-plus-size","13":"product_tag-sukienki-dlugie","15":"first","16":"instock","17":"purchasable","18":"product-type-variable"},"_links":{"self":[{"href":"https:\/\/madelinefashion.pl\/sk\/wp-json\/wp\/v2\/product\/96126","targetHints":{"allow":["GET"]}}],"collection":[{"href":"https:\/\/madelinefashion.pl\/sk\/wp-json\/wp\/v2\/product"}],"about":[{"href":"https:\/\/madelinefashion.pl\/sk\/wp-json\/wp\/v2\/types\/product"}],"wp:featuredmedia":[{"embeddable":true,"href":"https:\/\/madelinefashion.pl\/sk\/wp-json\/wp\/v2\/media\/96133"}],"wp:attachment":[{"href":"https:\/\/madelinefashion.pl\/sk\/wp-json\/wp\/v2\/media?parent=96126"}],"wp:term":[{"taxonomy":"product_brand","embeddable":true,"href":"https:\/\/madelinefashion.pl\/sk\/wp-json\/wp\/v2\/product_brand?post=96126"},{"taxonomy":"product_cat","embeddable":true,"href":"https:\/\/madelinefashion.pl\/sk\/wp-json\/wp\/v2\/product_cat?post=96126"},{"taxonomy":"product_tag","embeddable":true,"href":"https:\/\/madelinefashion.pl\/sk\/wp-json\/wp\/v2\/product_tag?post=96126"}],"curies":[{"name":"pracovn\u00fd list","href":"https:\/\/api.w.org\/{rel}","templated":true}]}}