{"id":9656,"date":"2021-04-24T00:04:15","date_gmt":"2021-04-23T22:04:15","guid":{"rendered":"https:\/\/madelinefashion.pl\/?post_type=product&#038;p=9656"},"modified":"2026-01-20T10:34:36","modified_gmt":"2026-01-20T09:34:36","slug":"top-z-zamkiem-rozowy-vores","status":"publish","type":"product","link":"https:\/\/madelinefashion.pl\/sk\/top-z-zamkiem-rozowy-vores\/","title":{"rendered":"Zips Top Pink Vores"},"content":{"rendered":"<h3 style=\"text-align: center;\">Zips Top Pink Vores<\/h3>\n<p style=\"text-align: center;\"><strong>Ru\u017eov\u00fd top so zipsom Vores<\/strong> je ide\u00e1lna ponuka pre \u017eeny, ktor\u00e9 si v\u00e1\u017eia samy seba <strong>\u0161t\u00fdl a pohodlie<\/strong>. <strong>Vrch je p\u00f4vodn\u00fd model, <\/strong>ktor\u00e9 padne do oka mnoh\u00fdm z v\u00e1s. Zap\u00ednanie vpredu na zips. <strong>Ve\u013emi m\u00f3dny \u0161t\u00fdl. <\/strong>Bl\u00fazka bez ruk\u00e1vov s dvoma n\u00e1prsn\u00fdmi vreckami <strong>Mus\u00ed ma\u0165 vo svojom \u0161atn\u00edku!<\/strong> Ur\u010dite sa to dokon\u010d\u00ed<strong> va\u0161e \u0161tyliz\u00e1cie. <\/strong>V \u0161atn\u00edku ka\u017edej \u017eeny by mal by\u0165 univerz\u00e1lny model bl\u00fazky, ktor\u00fd sa hod\u00ed k r\u00f4znym \u0161t\u00fdlom. Rebrovan\u00e1 bl\u00fazka z elastick\u00e9ho, na dotyk pr\u00edjemn\u00e9ho materi\u00e1lu - v\u010faka \u010domu sa dokonale prisp\u00f4sob\u00ed postave. Vreck\u00e1 na prsiach dotv\u00e1raj\u00fa styling a up\u00fataj\u00fa pozornos\u0165. Zips na prednej strane umo\u017e\u0148uje tvorenie <strong>hlbok\u00fd, hlbok\u00fd v\u00fdstrih<\/strong>. N\u00e1\u0161 n\u00e1vrh stylingu na ka\u017ed\u00fd de\u0148, na prech\u00e1dzku, von. S na\u0161imi d\u017e\u00ednsami <strong>vytvor\u00edte<\/strong> jedine\u010dn\u00fd <strong>pozri. Ve\u013ekos\u0165 <\/strong>univerz\u00e1lny<strong> XS-XL<\/strong><\/p>\n<h3 style=\"text-align: center;\">Rozmery:<\/h3>\n<ul style=\"text-align: center;\">\n<li style=\"list-style-type: none;\">\n<ul>\n<li style=\"list-style-type: none;\">\n<ul>\n<li>Celkov\u00e1 predn\u00e1 d\u013a\u017eka: 55 cm<\/li>\n<li>\u0160\u00edrka od pazuchy po pazuchu: 36-55 cm<\/li>\n<li>\u0160\u00edrka v spodnej \u010dasti: 36-56 cm<\/li>\n<\/ul>\n<p>&nbsp;<\/li>\n<\/ul>\n<\/li>\n<\/ul>\n<p style=\"text-align: center;\">Rozmery sa m\u00f4\u017eu mierne l\u00ed\u0161i\u0165 od uveden\u00fdch +\/- 2cm. V\u0161etky uveden\u00e9 rozmery s\u00fa meran\u00e9 plo\u0161ne.<\/p>\n<p style=\"text-align: center;\"><span style=\"font-size: 10pt;\">\u00a0<\/span><\/p>\n<p style=\"text-align: center;\"><span style=\"font-size: 10pt;\">\u00a0<\/span><\/p>\n<table width=\"608\">\n<tbody>\n<tr>\n<td width=\"302\">Meno modela<\/td>\n<td width=\"302\">Top Vores na zips<\/td>\n<\/tr>\n<tr>\n<td width=\"302\">Farba<\/td>\n<td width=\"302\">Ru\u017eov\u00e1<\/td>\n<\/tr>\n<tr>\n<td width=\"302\">ve\u013ekosti<\/td>\n<td width=\"302\">Univerz\u00e1lny<\/td>\n<\/tr>\n<tr>\n<td width=\"302\">M\u00f3da<\/td>\n<td width=\"302\">nadrozmern\u00e9<\/td>\n<\/tr>\n<tr>\n<td width=\"302\">Materi\u00e1l<\/td>\n<td width=\"302\">Zlo\u017eenie: 95% Bavlna 5% Elastan<\/td>\n<\/tr>\n<\/tbody>\n<\/table>\n<p style=\"text-align: center;\"><span style=\"font-size: 10pt;\">\u00a0<\/span><\/p>\n<p style=\"text-align: center;\">Model m\u00e1\u00a0<strong>169<\/strong>\u00a0cm vysok\u00fd, nos\u00ed ve\u013ekos\u0165 ka\u017ed\u00fd de\u0148\u00a0<strong>S<\/strong><\/p>\n<p style=\"text-align: center;\">\u0160\u00edrka cez prsia 92 cm<\/p>\n<p style=\"text-align: center;\">\u0160\u00edrka v p\u00e1se 62 cm<\/p>\n<p style=\"text-align: center;\">\u0160\u00edrka v bokoch 94 cm<\/p>\n<p style=\"text-align: center;\"><span style=\"font-size: 10pt;\">\u00a0<\/span><\/p>\n<p style=\"text-align: center;\"><span style=\"font-size: 10pt;\">\u00a0<\/span><\/p>\n<p style=\"text-align: center;\"><span style=\"font-size: 10pt;\">\u00a0<\/span><\/p>\n<p style=\"text-align: center;\"><span style=\"font-size: 10pt;\">\u00a0<\/span><\/p>","protected":false},"excerpt":{"rendered":"<p>Top z Zamkiem R\u00f3\u017cowy Vores Top z Zamkiem w kolorze R\u00f3\u017cowym Vores to idealna propozycja dla kobiet kt\u00f3re ceni\u0105 sobie styl i wygod\u0119. Top to oryginalny model, kt\u00f3ry przyci\u0105gnie wzrok niejednej z Was. Zapinany z przodu na suwak. Bardzo modny fason. Bluzka na rami\u0105czkach z dwoma kieszonkami na piersiach Must Have w Twojej szafie! Z<\/p>\n<div class=\"klb-readmore post-buttons\"><a class=\"button black outline size-sm\" href=\"https:\/\/madelinefashion.pl\/sk\/top-z-zamkiem-rozowy-vores\/\">\u010c\u00edta\u0165 \u010falej <i class=\"klbth-icon-right-arrow\"><\/i><\/a><\/div>","protected":false},"featured_media":49565,"template":"","meta":[],"product_brand":[],"product_cat":[77,85],"product_tag":[292],"class_list":{"0":"post-9656","1":"product","2":"type-product","3":"status-publish","4":"has-post-thumbnail","6":"product_cat-bluzki","7":"product_cat-t-shirty","8":"product_tag-topy","10":"first","11":"instock","12":"sale","13":"purchasable","14":"product-type-simple"},"_links":{"self":[{"href":"https:\/\/madelinefashion.pl\/sk\/wp-json\/wp\/v2\/product\/9656","targetHints":{"allow":["GET"]}}],"collection":[{"href":"https:\/\/madelinefashion.pl\/sk\/wp-json\/wp\/v2\/product"}],"about":[{"href":"https:\/\/madelinefashion.pl\/sk\/wp-json\/wp\/v2\/types\/product"}],"wp:featuredmedia":[{"embeddable":true,"href":"https:\/\/madelinefashion.pl\/sk\/wp-json\/wp\/v2\/media\/49565"}],"wp:attachment":[{"href":"https:\/\/madelinefashion.pl\/sk\/wp-json\/wp\/v2\/media?parent=9656"}],"wp:term":[{"taxonomy":"product_brand","embeddable":true,"href":"https:\/\/madelinefashion.pl\/sk\/wp-json\/wp\/v2\/product_brand?post=9656"},{"taxonomy":"product_cat","embeddable":true,"href":"https:\/\/madelinefashion.pl\/sk\/wp-json\/wp\/v2\/product_cat?post=9656"},{"taxonomy":"product_tag","embeddable":true,"href":"https:\/\/madelinefashion.pl\/sk\/wp-json\/wp\/v2\/product_tag?post=9656"}],"curies":[{"name":"pracovn\u00fd list","href":"https:\/\/api.w.org\/{rel}","templated":true}]}}