{"id":9723,"date":"2021-04-24T01:29:19","date_gmt":"2021-04-23T23:29:19","guid":{"rendered":"https:\/\/madelinefashion.pl\/?post_type=product&#038;p=9723"},"modified":"2026-01-20T10:34:36","modified_gmt":"2026-01-20T09:34:36","slug":"bluzka-hiszpanka-jeans-ciemny","status":"publish","type":"product","link":"https:\/\/madelinefashion.pl\/sk\/bluzka-hiszpanka-jeans-ciemny\/","title":{"rendered":"\u0160panielska bl\u00fazka Jeans Dark"},"content":{"rendered":"<h3 style=\"text-align: center;\">\u0160panielska bl\u00fazka Jeans Dark<\/h3>\n<p style=\"text-align: center;\"><b>\u0160panielska bl\u00fazka s v\u00fdstrihom do V s gumi\u010dkou v d\u017e\u00ednsovej farbe. <\/b>Je to bl\u00fazka, ktor\u00e1 sa hod\u00ed k v\u00e4\u010d\u0161ine \u0161t\u00fdlov \u2013 v\u010faka svojej jednoduchosti. Vyroben\u00e9 z \u013eahk\u00e9ho materi\u00e1lu v\u00e1m poskytne pohodlie. Jednoduch\u00fd, univerz\u00e1lny strih m\u00f4\u017eete nosi\u0165 po\u010das cel\u00e9ho roka bez oh\u013eadu na ro\u010dn\u00e9 obdobie. Sp\u00e1rujte ho s d\u017e\u00ednsovou katanou a <a href=\"https:\/\/madelinefashion.pl\/sk\/spodnie-skorzane-push-up-chelsea\/\">voskovan\u00e9<\/a> nohavice alebo \u0161ortky. Dostupn\u00e9 v na\u0161ej predajni v r\u00f4znych farb\u00e1ch. Dekolt je zakon\u010den\u00fd \u0161irokou gumi\u010dkou, v\u010faka ktorej je dokonal\u00fd <strong>tvar prisp\u00f4sob\u00edte svojmu telu<\/strong>. Ide o model, v ktorom nezostanete bez pov\u0161imnutia. Jedna ve\u013ekos\u0165 sadne v\u0161etk\u00fdm odpor\u00fa\u010dan\u00fdm od <strong>S a\u017e XL<\/strong><\/p>\n<h3 style=\"text-align: center;\">Rozmery :<\/h3>\n<ul>\n<li style=\"text-align: center;\">\u00a0\u00a0\u00a0\u00a0\u00a0\u00a0\u00a0 Celkov\u00e1 predn\u00e1 d\u013a\u017eka: 52 cm<\/li>\n<li style=\"text-align: center;\">\u00a0 \u00a0 \u00a0 \u00a0 \u0160\u00edrka od pazuchy po pazuchu: 38 cm - 48 cm<\/li>\n<li style=\"text-align: center;\">\u0160\u00edrka v spodnej \u010dasti: 55 cm - 60 cm<\/li>\n<\/ul>\n<p style=\"text-align: center;\">Rozmery sa m\u00f4\u017eu mierne l\u00ed\u0161i\u0165 od uveden\u00fdch +\/- 2cm. V\u0161etky uveden\u00e9 rozmery s\u00fa meran\u00e9 plo\u0161ne.<\/p>\n<table>\n<tbody>\n<tr>\n<td width=\"302\">Meno modela<\/td>\n<td width=\"302\">\u0160panielska bl\u00fazka Jeans Dark<\/td>\n<\/tr>\n<tr>\n<td width=\"302\">Farba<\/td>\n<td width=\"302\">d\u017e\u00ednsy<\/td>\n<\/tr>\n<tr>\n<td width=\"302\">ve\u013ekosti<\/td>\n<td width=\"302\">Univerz\u00e1lny<\/td>\n<\/tr>\n<tr>\n<td width=\"302\">M\u00f3da<\/td>\n<td width=\"302\">Vo\u013en\u00fd<\/td>\n<\/tr>\n<tr>\n<td width=\"302\">Materi\u00e1l<\/td>\n<td width=\"302\">95 % Bavlna 5% Elastan<\/td>\n<\/tr>\n<\/tbody>\n<\/table>\n<p style=\"text-align: center;\"><span style=\"font-size: 10pt;\">\u00a0<\/span><\/p>\n<p style=\"text-align: center;\">Model m\u00e1\u00a0<strong>169<\/strong>\u00a0cm vysok\u00fd, nos\u00ed ve\u013ekos\u0165 ka\u017ed\u00fd de\u0148\u00a0<strong>S<\/strong><\/p>\n<p style=\"text-align: center;\">\u0160\u00edrka cez prsia 92 cm<\/p>\n<p style=\"text-align: center;\">\u0160\u00edrka v p\u00e1se 62 cm<\/p>\n<p style=\"text-align: center;\">\u0160\u00edrka v bokoch 94 cm<\/p>","protected":false},"excerpt":{"rendered":"<p>Bluzka Hiszpanka Jeans Ciemny Bluzka Hiszpanka z Dekoltem z gumk\u0105 w\u00a0 kolorze Jeansowym. Jest to bluzka , kt\u00f3ra b\u0119dzie pasowa\u0142a do wi\u0119kszo\u015bci stylizacji\u2013 ze wzgl\u0119du na swoja prostot\u0119. Wykonana z lekkiego materia\u0142u\u00a0 zapewni Ci komfort noszenia. Prosty, uniwersalny kr\u00f3j mo\u017cesz nosi\u0107 przez ca\u0142y rok, niezale\u017cnie od pory roku. Po\u0142\u0105cz go z jeansowi katan\u0105 i woskowanymi<\/p>\n<div class=\"klb-readmore post-buttons\"><a class=\"button black outline size-sm\" href=\"https:\/\/madelinefashion.pl\/sk\/bluzka-hiszpanka-jeans-ciemny\/\">\u010c\u00edta\u0165 \u010falej <i class=\"klbth-icon-right-arrow\"><\/i><\/a><\/div>","protected":false},"featured_media":52443,"template":"","meta":[],"product_brand":[],"product_cat":[77],"product_tag":[478],"class_list":{"0":"post-9723","1":"product","2":"type-product","3":"status-publish","4":"has-post-thumbnail","6":"product_cat-bluzki","7":"product_tag-bluzki-hiszpanki","8":"pa_rozmiar-s-m","9":"pa_rozmiar-l-xl","11":"first","12":"instock","13":"sale","14":"purchasable","15":"product-type-simple"},"_links":{"self":[{"href":"https:\/\/madelinefashion.pl\/sk\/wp-json\/wp\/v2\/product\/9723","targetHints":{"allow":["GET"]}}],"collection":[{"href":"https:\/\/madelinefashion.pl\/sk\/wp-json\/wp\/v2\/product"}],"about":[{"href":"https:\/\/madelinefashion.pl\/sk\/wp-json\/wp\/v2\/types\/product"}],"wp:featuredmedia":[{"embeddable":true,"href":"https:\/\/madelinefashion.pl\/sk\/wp-json\/wp\/v2\/media\/52443"}],"wp:attachment":[{"href":"https:\/\/madelinefashion.pl\/sk\/wp-json\/wp\/v2\/media?parent=9723"}],"wp:term":[{"taxonomy":"product_brand","embeddable":true,"href":"https:\/\/madelinefashion.pl\/sk\/wp-json\/wp\/v2\/product_brand?post=9723"},{"taxonomy":"product_cat","embeddable":true,"href":"https:\/\/madelinefashion.pl\/sk\/wp-json\/wp\/v2\/product_cat?post=9723"},{"taxonomy":"product_tag","embeddable":true,"href":"https:\/\/madelinefashion.pl\/sk\/wp-json\/wp\/v2\/product_tag?post=9723"}],"curies":[{"name":"pracovn\u00fd list","href":"https:\/\/api.w.org\/{rel}","templated":true}]}}