{"id":9833,"date":"2021-04-24T15:35:32","date_gmt":"2021-04-24T13:35:32","guid":{"rendered":"https:\/\/madelinefashion.pl\/?post_type=product&#038;p=9833"},"modified":"2025-09-09T10:35:46","modified_gmt":"2025-09-09T08:35:46","slug":"sukienka-azurowa-hiszpanka-lou-pudrowy-roz","status":"publish","type":"product","link":"https:\/\/madelinefashion.pl\/sk\/sukienka-azurowa-hiszpanka-lou-pudrowy-roz\/","title":{"rendered":"Prelamovan\u00e9 \u0161aty Spanish Lou Powder Pink"},"content":{"rendered":"<h3 style=\"text-align: center;\">Prelamovan\u00e9 \u0161aty Spanish Lou Powder Pink<\/h3>\n<p style=\"text-align: center;\"><span style=\"font-size: 10pt;\">\u0160aty<strong> Prelamovan\u00e9 \u0161panielske diev\u010da Lou<\/strong>\u00a0 vo farbe p\u00fadrovej ru\u017eovej je ide\u00e1lna ponuka na ka\u017edodenn\u00e9 aj ve\u010dern\u00e9 v\u00fdlety! \u0160aty s\u00fa vyroben\u00e9 z najkvalitnej\u0161ej bavlny, a\u017e\u00farov\u00e9ho materi\u00e1lu, ktor\u00fd ve\u013emi vyzer\u00e1 <strong>\u017eensk\u00fd<\/strong>. <strong>\u00a0Prelamovan\u00e9 \u0161aty<\/strong> m\u00e1 <strong>pod\u0161\u00edvka<\/strong> zabezpe\u010denie pohodlia pri nosen\u00ed.<br \/>\nVe\u013emi priedu\u0161n\u00fd a \u013eahk\u00fd materi\u00e1l poskytuje <strong>pohodlie pri nosen\u00ed<\/strong> na najvy\u0161\u0161ej \u00farovni. Strih \u0161iat je ve\u013emi elastick\u00fd <strong>tkanina v p\u00e1se,<\/strong> v podobe gumi\u010dky dokonale pri\u013ene k postave, pri\u010dom ju zv\u00fdrazn\u00ed. typ \u0161iat <strong>\u0161paniel\u010dina<\/strong> s odhalen\u00fdmi ramenami je n\u00e1\u0161 n\u00e1vrh na tepl\u00e9 jarn\u00e9 a letn\u00e9 dni! Svoje a\u017e\u00farov\u00e9 \u0161aty m\u00f4\u017eete doplni\u0165 na\u0161imi jedine\u010dn\u00fdmi <a href=\"https:\/\/madelinefashion.pl\/sk\/?s=Kurtka+Jeansowa&amp;post_type=product\">d\u017e\u00ednsov\u00e9 katany<\/a> a semi\u0161. <strong>odpor\u00fa\u010dan\u00e9<\/strong> pre d\u00e1my vo ve\u013e <strong>XS SML<\/strong>\u00a0 \u00a0ak nos\u00edte v\u00e4\u010d\u0161iu ve\u013ekos\u0165, pozrite si tabu\u013eku ni\u017e\u0161ie.<\/span><\/p>\n<h3 style=\"text-align: center;\">Rozmery:<\/h3>\n<ul style=\"text-align: center;\">\n<li><span style=\"font-size: 10pt;\">\u00a0\u00a0\u00a0\u00a0\u00a0\u00a0\u00a0 \u00a0\u00a0\u00a0\u00a0\u00a0\u00a0\u00a0 celkov\u00e1 d\u013a\u017eka: 91 cm\u00a0<\/span><\/li>\n<li><span style=\"font-size: 10pt;\">\u00a0\u00a0\u00a0\u00a0\u00a0\u00a0\u00a0 \u00a0\u00a0\u00a0\u00a0\u00a0\u00a0\u00a0 \u0161\u00edrka od pazuchy po pazuchu: 33-51 cm\u00a0<\/span><\/li>\n<li><span style=\"font-size: 10pt;\">\u00a0\u00a0\u00a0\u00a0\u00a0\u00a0\u00a0 \u00a0\u00a0\u00a0\u00a0\u00a0\u00a0\u00a0 \u0161\u00edrka v p\u00e1se 32-48 cm<br \/>\n<\/span><\/li>\n<li><span style=\"font-size: 10pt;\">\u00a0 \u00a0 \u00a0 \u00a0 \u00a0 \u00a0 \u00a0 \u00a0\u0161\u00edrka dole: 68 cm<\/span><\/li>\n<\/ul>\n<p style=\"text-align: center;\"><span style=\"font-size: 10pt;\">Rozmery sa m\u00f4\u017eu mierne l\u00ed\u0161i\u0165 od uveden\u00fdch +\/- 2cm. V\u0161etky uveden\u00e9 rozmery s\u00fa meran\u00e9 plo\u0161ne.<\/span><\/p>\n<p style=\"text-align: center;\"><span style=\"font-size: 10pt;\">\u00a0<\/span><\/p>\n<p style=\"text-align: center;\"><span style=\"font-size: 10pt;\"><strong>\u00a0<\/strong>\u00a0<\/span><\/p>\n<p>&nbsp;<\/p>\n<table>\n<tbody>\n<tr>\n<td width=\"302\"><span style=\"font-size: 10pt;\">Meno modela<\/span><\/td>\n<td width=\"302\">\u0160panielske prelamovan\u00e9 \u0161aty Lou<\/td>\n<\/tr>\n<tr>\n<td width=\"302\"><span style=\"font-size: 10pt;\">Farba<\/span><\/td>\n<td width=\"302\"><span style=\"font-size: 10pt;\">P\u00fadrov\u00e1 ru\u017eov\u00e1<\/span><\/td>\n<\/tr>\n<tr>\n<td width=\"302\"><span style=\"font-size: 10pt;\">M\u00f3da<\/span><\/td>\n<td width=\"302\"><span style=\"font-size: 10pt;\">nadrozmern\u00e9<\/span><\/td>\n<\/tr>\n<tr>\n<td width=\"302\"><span style=\"font-size: 10pt;\">Zlo\u017eenie<\/span><\/td>\n<td width=\"302\"><span style=\"font-size: 10pt;\">95% Bavlna 5 % Elastan<\/span><\/td>\n<\/tr>\n<tr>\n<td width=\"302\"><span style=\"font-size: 10pt;\">D\u013a\u017eka<\/span><\/td>\n<td width=\"302\"><span style=\"font-size: 10pt;\">Pred kolenom<\/span><\/td>\n<\/tr>\n<\/tbody>\n<\/table>\n<p>&nbsp;<\/p>\n<p style=\"text-align: center;\"><span style=\"font-size: 10pt;\">\u00a0<\/span><\/p>\n<div class=\"additional-details\" style=\"text-align: center;\">\n<p style=\"text-align: center;\">\u00a0Model m\u00e1 <strong>165<\/strong> cm vysok\u00fd, nos\u00ed ve\u013ekos\u0165 ka\u017ed\u00fd de\u0148\u00a0<strong>S<\/strong><\/p>\n<p style=\"text-align: center;\"><span style=\"font-size: 10pt;\">\u00a0<\/span><\/p>\n<p style=\"text-align: center;\"><span style=\"font-size: 10pt;\">\u00a0<\/span><\/p>\n<\/div>","protected":false},"excerpt":{"rendered":"<p>Sukienka A\u017curowa Hiszpanka Lou Pudrowy R\u00f3\u017c Sukienka A\u017curowa Hiszpanka Lou\u00a0 w kolorze pudrowego r\u00f3\u017cu to idealna\u00a0 propozycja zar\u00f3wno na co dzie\u0144 jak i na wieczorne wyj\u015bcie! Sukienka wykonana jest z najwy\u017cszej jako\u015bci bawe\u0142nianego, a\u017curowego materia\u0142u, kt\u00f3ry wygl\u0105da bardzo kobieco. \u00a0A\u017curowa sukienka posiada podszewk\u0119 zapewniaj\u0105c komfort noszenia. Bardzo przewiewny i lekki materia\u0142 zapewnia komfort noszenia na<\/p>\n<div class=\"klb-readmore post-buttons\"><a class=\"button black outline size-sm\" href=\"https:\/\/madelinefashion.pl\/sk\/sukienka-azurowa-hiszpanka-lou-pudrowy-roz\/\">\u010c\u00edta\u0165 \u010falej <i class=\"klbth-icon-right-arrow\"><\/i><\/a><\/div>","protected":false},"featured_media":9818,"template":"","meta":[],"product_brand":[],"product_cat":[125],"product_tag":[215],"class_list":{"0":"post-9833","1":"product","2":"type-product","3":"status-publish","4":"has-post-thumbnail","6":"product_cat-sukienki","7":"product_tag-sukienki-rozowe","9":"first","10":"instock","11":"purchasable","12":"product-type-simple"},"_links":{"self":[{"href":"https:\/\/madelinefashion.pl\/sk\/wp-json\/wp\/v2\/product\/9833","targetHints":{"allow":["GET"]}}],"collection":[{"href":"https:\/\/madelinefashion.pl\/sk\/wp-json\/wp\/v2\/product"}],"about":[{"href":"https:\/\/madelinefashion.pl\/sk\/wp-json\/wp\/v2\/types\/product"}],"wp:featuredmedia":[{"embeddable":true,"href":"https:\/\/madelinefashion.pl\/sk\/wp-json\/wp\/v2\/media\/9818"}],"wp:attachment":[{"href":"https:\/\/madelinefashion.pl\/sk\/wp-json\/wp\/v2\/media?parent=9833"}],"wp:term":[{"taxonomy":"product_brand","embeddable":true,"href":"https:\/\/madelinefashion.pl\/sk\/wp-json\/wp\/v2\/product_brand?post=9833"},{"taxonomy":"product_cat","embeddable":true,"href":"https:\/\/madelinefashion.pl\/sk\/wp-json\/wp\/v2\/product_cat?post=9833"},{"taxonomy":"product_tag","embeddable":true,"href":"https:\/\/madelinefashion.pl\/sk\/wp-json\/wp\/v2\/product_tag?post=9833"}],"curies":[{"name":"pracovn\u00fd list","href":"https:\/\/api.w.org\/{rel}","templated":true}]}}