{"id":98626,"date":"2023-08-04T13:06:55","date_gmt":"2023-08-04T11:06:55","guid":{"rendered":"https:\/\/madelinefashion.pl\/?post_type=product&#038;p=98626"},"modified":"2026-04-24T09:36:20","modified_gmt":"2026-04-24T07:36:20","slug":"sukienka-cekinowa-maxi-tequilla-z-koralikami-zlota","status":"publish","type":"product","link":"https:\/\/madelinefashion.pl\/sk\/sukienka-cekinowa-maxi-tequilla-z-koralikami-zlota\/","title":{"rendered":"Maxi tequillov\u00e9 flitrov\u00e9 \u0161aty so zlat\u00fdmi kor\u00e1lkami"},"content":{"rendered":"<h3 style=\"text-align: center;\">Maxi tequillov\u00e9 flitrov\u00e9 \u0161aty so zlat\u00fdmi kor\u00e1lkami<\/h3>\n<p style=\"text-align: center;\">Kr\u00e1sne dlh\u00e9 ve\u010dern\u00e9 \u0161aty zdoben\u00e9 flitrami a trblietav\u00fdmi kry\u0161t\u00e1lmi. Kr\u00e1sne zv\u00fdraz\u0148uj\u00fa \u017eensk\u00e9 krivky. Tieto dlh\u00e9 \u0161aty maj\u00fa ryb\u00ed v\u00fdstrih. Tento model sa vyzna\u010duje aj v\u00fdrazn\u00fdmi kor\u00e1lkami, ktor\u00e9 padaj\u00fa cez ramen\u00e1. Prezrite si n\u00e1\u0161 v\u00fdber ve\u010dern\u00fdch \u0161iat a vyberte si \u0161t\u00fdl, v ktorom budete vyzera\u0165 ako hviezda a vyniknete z davu. Tieto maxi \u0161aty sa v \u017eiari reflektorov n\u00e1dherne trblietaj\u00fa. Je nemo\u017en\u00e9 ich ignorova\u0165. Tieto maxi \u0161aty po zem maj\u00fa vpredu v\u0161it\u00e9 ko\u0161\u00ed\u010dky, v\u010faka \u010domu nie je potrebn\u00e9 nosi\u0165 podprsenku. Bo\u010dn\u00fd rozparok dod\u00e1va n\u00e1dych sexep\u00edlu. \u0160aty Tequilla s\u00fa dostupn\u00e9 vo ve\u013ekostiach 34, 36, 38, 40, 42, 44, 46 a 48. \u0160aty Pretty Women s\u00fa perfektnou vo\u013ebou na svadby, stu\u017ekov\u00e9, Silvestra a in\u00e9 elegantn\u00e9 pr\u00edle\u017eitosti. V na\u0161om internetovom obchode s\u00fa dostupn\u00e9 v nieko\u013ek\u00fdch farebn\u00fdch variantoch, tak\u017ee nev\u00e1hajte a vyberte si tie, ktor\u00e9 s\u00fa pre v\u00e1s ide\u00e1lne. Ak si nie ste ist\u00ed, ktor\u00e1 farba alebo ve\u013ekos\u0165 je pre v\u00e1s najlep\u0161ia, kontaktujte n\u00e1s prostredn\u00edctvom Facebooku alebo telefonicky. Ak va\u0161a ve\u013ekos\u0165 nie je uveden\u00e1 na webovej str\u00e1nke, kontaktujte n\u00e1s. Po n\u00e1kupe n\u00e1m, pros\u00edm, v spr\u00e1ve uve\u010fte miery v\u00e1\u0161ho p\u00e1su a hrudn\u00edka a my v\u00e1m n\u00e1jdeme spr\u00e1vnu ve\u013ekos\u0165!<\/p>\n<h3 style=\"text-align: center;\">ROZMERY \u0161iat:<\/h3>\n<table style=\"height: 365px;\" width=\"586\">\n<tbody>\n<tr>\n<td><strong>VE\u013dKOS\u0164<\/strong><\/td>\n<td><strong>poprsia<\/strong><\/td>\n<td><strong>P\u00e1s<\/strong><\/td>\n<td><strong>Boky<\/strong><\/td>\n<\/tr>\n<tr>\n<td><strong>34<\/strong><\/td>\n<td>84-86<\/td>\n<td>64-68<\/td>\n<td>\u00a082-90<\/td>\n<\/tr>\n<tr>\n<td><strong>36<\/strong><\/td>\n<td>88-90<\/td>\n<td>68-72<\/td>\n<td>\u00a086-92<\/td>\n<\/tr>\n<tr>\n<td><strong>38<\/strong><\/td>\n<td>92-94<\/td>\n<td>72-76<\/td>\n<td>\u00a090-96<\/td>\n<\/tr>\n<tr>\n<td><strong>40<\/strong><\/td>\n<td>96-98<\/td>\n<td>76-80<\/td>\n<td>\u00a094-106<\/td>\n<\/tr>\n<tr>\n<td><strong>42<\/strong><\/td>\n<td>100-104<\/td>\n<td>80-84<\/td>\n<td>\u00a098-108<\/td>\n<\/tr>\n<tr>\n<td><strong>44<\/strong><\/td>\n<td>102-106<\/td>\n<td>84-88<\/td>\n<td>\u00a0102-112<\/td>\n<\/tr>\n<tr>\n<td><strong>46<\/strong><\/td>\n<td>106-110<\/td>\n<td>88-92<\/td>\n<td>106-118<\/td>\n<\/tr>\n<\/tbody>\n<\/table>\n<p style=\"text-align: center;\">celkov\u00e1 d\u013a\u017eka cca 157 cm<\/p>\n<p style=\"text-align: center;\">\u0160aty s\u00fa dostupn\u00e9 aj v in\u00fdch farb\u00e1ch - odpor\u00fa\u010dame v\u00e1m zozn\u00e1mi\u0165 sa s na\u0161imi \u010fal\u0161\u00edmi produktmi.<\/p>\n<p style=\"text-align: center;\">Rozmery sa m\u00f4\u017eu mierne l\u00ed\u0161i\u0165 od uveden\u00fdch +\/- 2cm.<\/p>\n<p>&nbsp;<\/p>\n<table>\n<tbody>\n<tr>\n<td width=\"302\">Meno modela<\/td>\n<td width=\"302\">Tequilla Flitrov\u00e9 Maxi \u0161aty s kor\u00e1lkami<\/td>\n<\/tr>\n<tr>\n<td width=\"302\">Farba<\/td>\n<td width=\"302\">Zlat\u00fd<\/td>\n<\/tr>\n<tr>\n<td width=\"302\">Marka<\/td>\n<td width=\"302\">Pekn\u00e1 \u017eena<\/td>\n<\/tr>\n<tr>\n<td width=\"302\">ve\u013ekosti<\/td>\n<td width=\"302\">34 36 38 40 42 44 46 48<\/td>\n<\/tr>\n<tr>\n<td width=\"302\">M\u00f3da<\/td>\n<td width=\"302\">Zhoda<\/td>\n<\/tr>\n<tr>\n<td width=\"302\">Materi\u00e1l<\/td>\n<td width=\"302\">Visk\u00f3za, polyester, bavlna<\/td>\n<\/tr>\n<tr>\n<td width=\"302\">D\u013a\u017eka<\/td>\n<td width=\"302\">Na zem<\/td>\n<\/tr>\n<\/tbody>\n<\/table>\n<p>&nbsp;<\/p>\n<p style=\"text-align: center;\">Aby ste si vybrali\u00a0<strong>perfektn\u00e9 \u0161aty<\/strong>\u00a0kontaktujte n\u00e1s pros\u00edm telefonicky alebo cez n\u00e1\u0161 facebook.<br \/>\nN\u00e1\u0161 t\u00edm v\u00e1m pom\u00f4\u017ee\u00a0<strong>Vyberte si ten spr\u00e1vny<\/strong>\u00a0.\u00a0<strong>Na \u017eelanie kupuj\u00faceho vyrob\u00edme ak\u00e9ko\u013evek \u0161aty\u00a0<\/strong><strong>opatrne mera\u0165.\u00a0<\/strong><\/p>\n<div class=\"additional-details\">\n<p style=\"text-align: center;\">\n<\/div>","protected":false},"excerpt":{"rendered":"<p>Maxi \u0161aty s flitrami Tequilla so zlat\u00fdmi kor\u00e1lkami. Kr\u00e1sne dlh\u00e9 ve\u010dern\u00e9 \u0161aty zdoben\u00e9 trblietav\u00fdmi kri\u0161t\u00e1\u013eov\u00fdmi flitrami. Kr\u00e1sne zv\u00fdraz\u0148uj\u00fa \u017eensk\u00e9 krivky. Tieto dlh\u00e9 \u0161aty maj\u00fa ryb\u00ed v\u00fdstrih. Tento model sa vyzna\u010duje aj v\u00fdrazn\u00fdm zdoben\u00edm, ktor\u00e9 spl\u00fdva cez ramen\u00e1. Prezrite si n\u00e1\u0161 v\u00fdber ve\u010dern\u00fdch \u0161iat a vyberte si model, v ktorom budete vyzera\u0165 ako hviezda.<\/p>\n<div class=\"klb-readmore post-buttons\"><a class=\"button black outline size-sm\" href=\"https:\/\/madelinefashion.pl\/sk\/sukienka-cekinowa-maxi-tequilla-z-koralikami-zlota\/\">\u010c\u00edta\u0165 \u010falej <i class=\"klbth-icon-right-arrow\"><\/i><\/a><\/div>","protected":false},"featured_media":99130,"template":"","meta":[],"product_brand":[],"product_cat":[124,395,558,569,564],"product_tag":[257,385,163,445],"class_list":{"0":"post-98626","1":"product","2":"type-product","3":"status-publish","4":"has-post-thumbnail","6":"product_cat-sukienki-okolicznosciowe","7":"product_cat-nowosci","8":"product_cat-sukienki-cekinowe","9":"product_cat-sukienki-dopasowane","10":"product_cat-sukienki-plus-size","11":"product_tag-madelinefashion","12":"product_tag-plus-size","13":"product_tag-sukienki-dlugie","14":"product_tag-sukienki-zlote","16":"first","17":"instock","18":"purchasable","19":"product-type-variable"},"_links":{"self":[{"href":"https:\/\/madelinefashion.pl\/sk\/wp-json\/wp\/v2\/product\/98626","targetHints":{"allow":["GET"]}}],"collection":[{"href":"https:\/\/madelinefashion.pl\/sk\/wp-json\/wp\/v2\/product"}],"about":[{"href":"https:\/\/madelinefashion.pl\/sk\/wp-json\/wp\/v2\/types\/product"}],"wp:featuredmedia":[{"embeddable":true,"href":"https:\/\/madelinefashion.pl\/sk\/wp-json\/wp\/v2\/media\/99130"}],"wp:attachment":[{"href":"https:\/\/madelinefashion.pl\/sk\/wp-json\/wp\/v2\/media?parent=98626"}],"wp:term":[{"taxonomy":"product_brand","embeddable":true,"href":"https:\/\/madelinefashion.pl\/sk\/wp-json\/wp\/v2\/product_brand?post=98626"},{"taxonomy":"product_cat","embeddable":true,"href":"https:\/\/madelinefashion.pl\/sk\/wp-json\/wp\/v2\/product_cat?post=98626"},{"taxonomy":"product_tag","embeddable":true,"href":"https:\/\/madelinefashion.pl\/sk\/wp-json\/wp\/v2\/product_tag?post=98626"}],"curies":[{"name":"pracovn\u00fd list","href":"https:\/\/api.w.org\/{rel}","templated":true}]}}